{"id":11,"date":"2022-01-05T21:48:45","date_gmt":"2022-01-05T21:48:45","guid":{"rendered":"http:\/\/elcartel.org\/?page_id=11"},"modified":"2023-02-25T18:47:24","modified_gmt":"2023-02-25T18:47:24","slug":"crea-tu-web-con-bloques","status":"publish","type":"page","link":"https:\/\/elcartel.org\/?page_id=11","title":{"rendered":"Premios"},"content":{"rendered":"\n<div class=\"wp-block-columns alignwide are-vertically-aligned-top is-layout-flex wp-container-core-columns-layout-1 wp-block-columns-is-layout-flex\">\n<div class=\"wp-block-column is-vertically-aligned-top is-layout-flow wp-block-column-is-layout-flow\">\n<h3 class=\"wp-block-heading\">Premio Jorge Valderrama Restrepo<\/h3>\n\n\n\n<figure class=\"wp-block-image size-large\"><img loading=\"lazy\" decoding=\"async\" width=\"1024\" height=\"583\" src=\"https:\/\/elcartel.org\/wp-content\/uploads\/2023\/02\/fundadores-salas-abiertas-1024x583.png\" alt=\"\" class=\"wp-image-128\" srcset=\"https:\/\/elcartel.org\/wp-content\/uploads\/2023\/02\/fundadores-salas-abiertas-1024x583.png 1024w, https:\/\/elcartel.org\/wp-content\/uploads\/2023\/02\/fundadores-salas-abiertas-300x171.png 300w, https:\/\/elcartel.org\/wp-content\/uploads\/2023\/02\/fundadores-salas-abiertas-768x437.png 768w, https:\/\/elcartel.org\/wp-content\/uploads\/2023\/02\/fundadores-salas-abiertas-1536x875.png 1536w, https:\/\/elcartel.org\/wp-content\/uploads\/2023\/02\/fundadores-salas-abiertas-1200x683.png 1200w, https:\/\/elcartel.org\/wp-content\/uploads\/2023\/02\/fundadores-salas-abiertas.png 1545w\" sizes=\"(max-width: 1024px) 100vw, 1024px\" \/><figcaption>Donaldo Ortiz (Centro Cultural del Oriente), Daniel Navas (La Casa del Libro Total), Antonio Jos\u00e9 D\u00edaz (Fundaci\u00f3n Teatro Santander), Pacho Centeno (Alcald\u00eda de Bucaramanga), M\u00e1ximo Fl\u00f3rez (Fundaci\u00f3n Septum) &#8211; SENTADOS: Alfonso Becerra(EL CARTEL), Elena Arenas (Centro Colombo Americano), Carmen A. Remolina (C\u00e1mara de Comercio de Bucaramanga), Esther L\u00f3pez (Fundaci\u00f3n Septum) y Carolina Rueda (Banco de la Rep\u00fablica) &#8211; Falt\u00f3 en la foto German Tolosa (UIS)&nbsp;<\/figcaption><\/figure>\n\n\n\n<p class=\"has-normal-font-size\"><strong>Mejor Evento del A\u00f1o<\/strong><br>Co-Organizador del Centro con las Salas Abiertas<br>Otorgado a la alianza de Salas Abiertas por el Instituto Municipal de Cultura y Turismo de Bucaramanga<br>A\u00f1o 2013 <\/p>\n<\/div>\n\n\n\n<div class=\"wp-block-column is-vertically-aligned-top is-layout-flow wp-block-column-is-layout-flow\">\n<h3 class=\"wp-block-heading\">Reconocimiento a la innovaci\u00f3n &#8211; Tercer lugar<\/h3>\n\n\n\n<figure class=\"wp-block-image size-large\"><img loading=\"lazy\" decoding=\"async\" width=\"1024\" height=\"584\" src=\"https:\/\/elcartel.org\/wp-content\/uploads\/2023\/02\/premio-4-1024x584.png\" alt=\"\" class=\"wp-image-171\" srcset=\"https:\/\/elcartel.org\/wp-content\/uploads\/2023\/02\/premio-4-1024x584.png 1024w, https:\/\/elcartel.org\/wp-content\/uploads\/2023\/02\/premio-4-300x171.png 300w, https:\/\/elcartel.org\/wp-content\/uploads\/2023\/02\/premio-4-768x438.png 768w, https:\/\/elcartel.org\/wp-content\/uploads\/2023\/02\/premio-4-1536x876.png 1536w, https:\/\/elcartel.org\/wp-content\/uploads\/2023\/02\/premio-4-1200x684.png 1200w, https:\/\/elcartel.org\/wp-content\/uploads\/2023\/02\/premio-4.png 1545w\" sizes=\"(max-width: 1024px) 100vw, 1024px\" \/><\/figure>\n\n\n\n<p class=\"has-normal-font-size\"><br>Categor\u00eda de valor basada en innovaci\u00f3n en empresas culturales.<br>Otorgado a la Corporaci\u00f3n Cultural EL CARTEL por la C\u00e1mara de Comercio de Bucaramanga.<br>A\u00f1o 2012<\/p>\n<\/div>\n\n\n\n<div class=\"wp-block-column is-vertically-aligned-top is-layout-flow wp-block-column-is-layout-flow\">\n<h3 class=\"wp-block-heading\">Premio Cineando &#8211; Festival de Cine  Ojos al aire libre<\/h3>\n\n\n\n<figure class=\"wp-block-image size-large\"><img loading=\"lazy\" decoding=\"async\" width=\"1024\" height=\"584\" src=\"https:\/\/elcartel.org\/wp-content\/uploads\/2023\/02\/premio-2-1024x584.png\" alt=\"\" class=\"wp-image-161\" srcset=\"https:\/\/elcartel.org\/wp-content\/uploads\/2023\/02\/premio-2-1024x584.png 1024w, https:\/\/elcartel.org\/wp-content\/uploads\/2023\/02\/premio-2-300x171.png 300w, https:\/\/elcartel.org\/wp-content\/uploads\/2023\/02\/premio-2-768x438.png 768w, https:\/\/elcartel.org\/wp-content\/uploads\/2023\/02\/premio-2-1536x876.png 1536w, https:\/\/elcartel.org\/wp-content\/uploads\/2023\/02\/premio-2-1200x684.png 1200w, https:\/\/elcartel.org\/wp-content\/uploads\/2023\/02\/premio-2.png 1545w\" sizes=\"(max-width: 1024px) 100vw, 1024px\" \/><\/figure>\n\n\n\n<p class=\"has-normal-font-size\"><strong>Mejor medio de divulgaci\u00f3n cultural de la ciudad de Bucaramanga<\/strong><br>Otorgado a EL CARTEL por el Festival de Cine Ojos al aire libre<br>A\u00f1o 2010<\/p>\n<\/div>\n<\/div>\n\n\n\n<div class=\"wp-block-columns alignwide are-vertically-aligned-top is-layout-flex wp-container-core-columns-layout-2 wp-block-columns-is-layout-flex\">\n<div class=\"wp-block-column is-vertically-aligned-top is-layout-flow wp-block-column-is-layout-flow\">\n<h3 class=\"wp-block-heading\">Premio Alianza Francesa de Bucaramanga<\/h3>\n\n\n\n<figure class=\"wp-block-image size-large\"><img loading=\"lazy\" decoding=\"async\" width=\"1024\" height=\"584\" src=\"https:\/\/elcartel.org\/wp-content\/uploads\/2023\/02\/premio-3-1024x584.png\" alt=\"\" class=\"wp-image-168\" srcset=\"https:\/\/elcartel.org\/wp-content\/uploads\/2023\/02\/premio-3-1024x584.png 1024w, https:\/\/elcartel.org\/wp-content\/uploads\/2023\/02\/premio-3-300x171.png 300w, https:\/\/elcartel.org\/wp-content\/uploads\/2023\/02\/premio-3-768x438.png 768w, https:\/\/elcartel.org\/wp-content\/uploads\/2023\/02\/premio-3-1536x875.png 1536w, https:\/\/elcartel.org\/wp-content\/uploads\/2023\/02\/premio-3-1200x684.png 1200w, https:\/\/elcartel.org\/wp-content\/uploads\/2023\/02\/premio-3.png 1544w\" sizes=\"(max-width: 1024px) 100vw, 1024px\" \/><\/figure>\n\n\n\n<p class=\"has-normal-font-size\"><strong>Por el apoyo a la divulgaci\u00f3n de la cultura francesa.<\/strong><br>Otorgado a la Corporaci\u00f3n Cultural EL CARTEL por la Alianza Colombo Francesa de Bucaramanga &#8211; 35 a\u00f1os<br>A\u00f1o 2000<\/p>\n<\/div>\n\n\n\n<div class=\"wp-block-column is-vertically-aligned-top is-layout-flow wp-block-column-is-layout-flow\">\n<h3 class=\"wp-block-heading\">Premio Metropolitano de Cultura<\/h3>\n\n\n\n<figure class=\"wp-block-image size-large\"><img loading=\"lazy\" decoding=\"async\" width=\"1024\" height=\"584\" src=\"https:\/\/elcartel.org\/wp-content\/uploads\/2023\/02\/premio-1-1-1024x584.png\" alt=\"\" class=\"wp-image-166\" srcset=\"https:\/\/elcartel.org\/wp-content\/uploads\/2023\/02\/premio-1-1-1024x584.png 1024w, https:\/\/elcartel.org\/wp-content\/uploads\/2023\/02\/premio-1-1-300x171.png 300w, https:\/\/elcartel.org\/wp-content\/uploads\/2023\/02\/premio-1-1-768x438.png 768w, https:\/\/elcartel.org\/wp-content\/uploads\/2023\/02\/premio-1-1-1536x875.png 1536w, https:\/\/elcartel.org\/wp-content\/uploads\/2023\/02\/premio-1-1-1200x684.png 1200w, https:\/\/elcartel.org\/wp-content\/uploads\/2023\/02\/premio-1-1.png 1544w\" sizes=\"(max-width: 1024px) 100vw, 1024px\" \/><\/figure>\n\n\n\n<p class=\"has-normal-font-size\"><strong>Primer lugar<\/strong><br>Modalidad gesti\u00f3n cultural.<br>Otorgado a la Corporaci\u00f3n Cultural EL CARTEL por el Instituto Municipal de Cultura y Turismo de Bucaramanga.<br>A\u00f1o 1999<\/p>\n<\/div>\n\n\n\n<div class=\"wp-block-column is-vertically-aligned-top is-layout-flow wp-block-column-is-layout-flow\"><\/div>\n<\/div>\n","protected":false},"excerpt":{"rendered":"<p>Premio Jorge Valderrama Restrepo Mejor Evento del A\u00f1oCo-Organizador del Centro con las Salas AbiertasOtorgado a la alianza de Salas Abiertas por el Instituto Municipal de Cultura y Turismo de BucaramangaA\u00f1o 2013 Reconocimiento a la innovaci\u00f3n &#8211; Tercer lugar Categor\u00eda de valor basada en innovaci\u00f3n en empresas culturales.Otorgado a la Corporaci\u00f3n Cultural EL CARTEL por la [&hellip;]<\/p>\n","protected":false},"author":1,"featured_media":0,"parent":0,"menu_order":0,"comment_status":"closed","ping_status":"closed","template":"","meta":{"om_disable_all_campaigns":false,"_monsterinsights_skip_tracking":false,"_monsterinsights_sitenote_active":false,"_monsterinsights_sitenote_note":"","_monsterinsights_sitenote_category":0,"footnotes":""},"aioseo_notices":[],"_links":{"self":[{"href":"https:\/\/elcartel.org\/index.php?rest_route=\/wp\/v2\/pages\/11"}],"collection":[{"href":"https:\/\/elcartel.org\/index.php?rest_route=\/wp\/v2\/pages"}],"about":[{"href":"https:\/\/elcartel.org\/index.php?rest_route=\/wp\/v2\/types\/page"}],"author":[{"embeddable":true,"href":"https:\/\/elcartel.org\/index.php?rest_route=\/wp\/v2\/users\/1"}],"replies":[{"embeddable":true,"href":"https:\/\/elcartel.org\/index.php?rest_route=%2Fwp%2Fv2%2Fcomments&post=11"}],"version-history":[{"count":10,"href":"https:\/\/elcartel.org\/index.php?rest_route=\/wp\/v2\/pages\/11\/revisions"}],"predecessor-version":[{"id":174,"href":"https:\/\/elcartel.org\/index.php?rest_route=\/wp\/v2\/pages\/11\/revisions\/174"}],"wp:attachment":[{"href":"https:\/\/elcartel.org\/index.php?rest_route=%2Fwp%2Fv2%2Fmedia&parent=11"}],"curies":[{"name":"wp","href":"https:\/\/api.w.org\/{rel}","templated":true}]}}