{"id":12,"date":"2022-01-05T21:48:45","date_gmt":"2022-01-05T21:48:45","guid":{"rendered":"http:\/\/elcartel.org\/?page_id=12"},"modified":"2023-02-25T20:05:29","modified_gmt":"2023-02-25T20:05:29","slug":"acerca-de","status":"publish","type":"page","link":"https:\/\/elcartel.org\/?page_id=12","title":{"rendered":"Alianzas"},"content":{"rendered":"\n<p class=\"has-text-align-center\"><\/p>\n\n\n\n<div class=\"wp-block-columns alignwide are-vertically-aligned-top is-layout-flex wp-container-core-columns-layout-1 wp-block-columns-is-layout-flex\">\n<div class=\"wp-block-column is-vertically-aligned-top is-layout-flow wp-block-column-is-layout-flow\">\n<h3 class=\"wp-block-heading\">Programa Salas Abiertas<\/h3>\n\n\n\n<figure class=\"wp-block-embed is-type-video is-provider-youtube wp-block-embed-youtube wp-embed-aspect-16-9 wp-has-aspect-ratio\"><div class=\"wp-block-embed__wrapper\">\n<iframe loading=\"lazy\" title=\"Salas Abiertas 3ra edici\u00f3n - El arte se despliega en la Ciudad Bonita\" width=\"500\" height=\"281\" src=\"https:\/\/www.youtube.com\/embed\/TdmQSKyK6yo?feature=oembed\" frameborder=\"0\" allow=\"accelerometer; autoplay; clipboard-write; encrypted-media; gyroscope; picture-in-picture; web-share\" allowfullscreen><\/iframe>\n<\/div><\/figure>\n\n\n\n<p class=\"has-normal-font-size\">Nace en 2013 como una alianza de 10 entidades privadas, publicas y mixtas alrededor de un Circuito de Arte para Bucaramanga. <br><br>Co-fundadores<br>&#8211; C\u00e1mara de Comercio de Bucaramanga<br>&#8211; Banco de la Rep\u00fablica<br>&#8211; Instituto Municipal de Cultura de Bucaramanga<br>&#8211; Universidad Industrial de Santander<br>&#8211; Centro Cultural del Oriente Colombiano<br>&#8211; Fundaci\u00f3n Teatro Santander<br>&#8211; Centro Colombo Americano de Bucaramanga<br>&#8211; Casa del Libro Total<br>&#8211; Fundaci\u00f3n Septum y <br>&#8211; Corporaci\u00f3n Cultural El Cartel<\/p>\n\n\n\n<div class=\"wp-block-group alignwide is-layout-flow wp-block-group-is-layout-flow\"><div class=\"wp-block-group__inner-container\">\n<div class=\"wp-block-group is-layout-flow wp-block-group-is-layout-flow\"><div class=\"wp-block-group__inner-container\">\n<div class=\"wp-block-buttons is-layout-flex wp-block-buttons-is-layout-flex\">\n<div class=\"wp-block-button is-style-outline\"><a class=\"wp-block-button__link\" href=\"https:\/\/www.facebook.com\/SalasAbiertas\" target=\"_blank\" rel=\"noreferrer noopener\">Facebook<\/a><\/div>\n\n\n\n<div class=\"wp-block-button is-style-outline\"><a class=\"wp-block-button__link\" href=\"https:\/\/www.instagram.com\/salasabiertas_\/\" target=\"_blank\" rel=\"noreferrer noopener\">instagram<\/a><\/div>\n\n\n\n<div class=\"wp-block-button is-style-outline\"><a class=\"wp-block-button__link\" href=\"https:\/\/twitter.com\/SalasAbiertas\" target=\"_blank\" rel=\"noreferrer noopener\">twitter<\/a><\/div>\n\n\n\n<div class=\"wp-block-button is-style-outline\"><a class=\"wp-block-button__link\" href=\"https:\/\/www.youtube.com\/@SalasAbiertas\" target=\"_blank\" rel=\"noreferrer noopener\">youtube<\/a><\/div>\n<\/div>\n<\/div><\/div>\n<\/div><\/div>\n<\/div>\n\n\n\n<div class=\"wp-block-column is-vertically-aligned-top is-layout-flow wp-block-column-is-layout-flow\">\n<h3 class=\"wp-block-heading\">Alianza de Medios Culturales<\/h3>\n\n\n\n<figure class=\"wp-block-embed is-type-video is-provider-youtube wp-block-embed-youtube wp-embed-aspect-16-9 wp-has-aspect-ratio\"><div class=\"wp-block-embed__wrapper\">\n<iframe loading=\"lazy\" title=\"Promo final - 1er Encuentro de Medios y Cultura de Bucaramanga\" width=\"500\" height=\"281\" src=\"https:\/\/www.youtube.com\/embed\/3dkQRbwagHY?list=PL0uNBNKwnNVmmQKCYr7eQF6PaT8VKd8un\" frameborder=\"0\" allow=\"accelerometer; autoplay; clipboard-write; encrypted-media; gyroscope; picture-in-picture; web-share\" allowfullscreen><\/iframe>\n<\/div><\/figure>\n\n\n\n<p>En el a\u00f1o 2018 se conform\u00f3 una Alianza de Medios  Culturales, de la cual hoy hacen parte: <br>Revista ENREDARTE, <br>Revista COMA, <br>Revista LA CHUECA, <br>ALTER VOX MEDIA<br>NATIVAS Agencia y<br>EL CARTEL Agenda<\/p>\n\n\n\n<p>La Alianza de Medios Culturales es un espacio de trabajo colaborativo, en el que adem\u00e1s de compartir experiencias, organizamos eventos como: Encuentro de programadores Culturales, Encuentro de Medios y Cultura y Veladas Po\u00e9ticas, entre otros. Adem\u00e1s de la producci\u00f3n conjunta de medios y espacios alrededor de la din\u00e1mica cultural de Bucaramanga y Santander<\/p>\n\n\n\n<h5 class=\"wp-block-heading\"><\/h5>\n\n\n\n<div class=\"wp-block-buttons is-layout-flex wp-block-buttons-is-layout-flex\">\n<div class=\"wp-block-button is-style-outline\"><a class=\"wp-block-button__link\" href=\"https:\/\/www.facebook.com\/AlianzadeMediosC\" target=\"_blank\" rel=\"noreferrer noopener\">facebook<\/a><\/div>\n\n\n\n<div class=\"wp-block-button is-style-outline\"><a class=\"wp-block-button__link\" href=\"https:\/\/www.instagram.com\/alianzademediosculturales\/\" target=\"_blank\" rel=\"noreferrer noopener\">instagram<\/a><\/div>\n\n\n\n<div class=\"wp-block-button is-style-outline\"><a class=\"wp-block-button__link\" href=\"https:\/\/twitter.com\/AlianzadeMedios\" target=\"_blank\" rel=\"noreferrer noopener\">twitter<\/a><\/div>\n\n\n\n<div class=\"wp-block-button is-style-outline\"><a class=\"wp-block-button__link\" href=\"https:\/\/www.youtube.com\/@alianzademediosculturales2602\" target=\"_blank\" rel=\"noreferrer noopener\">youtube<\/a><\/div>\n<\/div>\n<\/div>\n\n\n\n<div class=\"wp-block-column is-vertically-aligned-top is-layout-flow wp-block-column-is-layout-flow\">\n<h3 class=\"wp-block-heading\"><\/h3>\n\n\n\n<h5 class=\"wp-block-heading\"><\/h5>\n\n\n\n<div class=\"wp-block-buttons is-layout-flex wp-block-buttons-is-layout-flex\"><\/div>\n<\/div>\n<\/div>\n\n\n\n<p><\/p>\n","protected":false},"excerpt":{"rendered":"<p>Programa Salas Abiertas Nace en 2013 como una alianza de 10 entidades privadas, publicas y mixtas alrededor de un Circuito de Arte para Bucaramanga. Co-fundadores&#8211; C\u00e1mara de Comercio de Bucaramanga&#8211; Banco de la Rep\u00fablica&#8211; Instituto Municipal de Cultura de Bucaramanga&#8211; Universidad Industrial de Santander&#8211; Centro Cultural del Oriente Colombiano&#8211; Fundaci\u00f3n Teatro Santander&#8211; Centro Colombo Americano [&hellip;]<\/p>\n","protected":false},"author":1,"featured_media":0,"parent":0,"menu_order":0,"comment_status":"closed","ping_status":"closed","template":"","meta":{"om_disable_all_campaigns":false,"_monsterinsights_skip_tracking":false,"_monsterinsights_sitenote_active":false,"_monsterinsights_sitenote_note":"","_monsterinsights_sitenote_category":0,"footnotes":""},"aioseo_notices":[],"_links":{"self":[{"href":"https:\/\/elcartel.org\/index.php?rest_route=\/wp\/v2\/pages\/12"}],"collection":[{"href":"https:\/\/elcartel.org\/index.php?rest_route=\/wp\/v2\/pages"}],"about":[{"href":"https:\/\/elcartel.org\/index.php?rest_route=\/wp\/v2\/types\/page"}],"author":[{"embeddable":true,"href":"https:\/\/elcartel.org\/index.php?rest_route=\/wp\/v2\/users\/1"}],"replies":[{"embeddable":true,"href":"https:\/\/elcartel.org\/index.php?rest_route=%2Fwp%2Fv2%2Fcomments&post=12"}],"version-history":[{"count":7,"href":"https:\/\/elcartel.org\/index.php?rest_route=\/wp\/v2\/pages\/12\/revisions"}],"predecessor-version":[{"id":189,"href":"https:\/\/elcartel.org\/index.php?rest_route=\/wp\/v2\/pages\/12\/revisions\/189"}],"wp:attachment":[{"href":"https:\/\/elcartel.org\/index.php?rest_route=%2Fwp%2Fv2%2Fmedia&parent=12"}],"curies":[{"name":"wp","href":"https:\/\/api.w.org\/{rel}","templated":true}]}}