{"id":136,"date":"2023-02-25T16:48:17","date_gmt":"2023-02-25T16:48:17","guid":{"rendered":"https:\/\/elcartel.org\/?page_id=136"},"modified":"2023-02-25T17:20:59","modified_gmt":"2023-02-25T17:20:59","slug":"causas","status":"publish","type":"page","link":"https:\/\/elcartel.org\/?page_id=136","title":{"rendered":"Causas"},"content":{"rendered":"\n<p class=\"has-text-align-center\">Estas con las Causas que hacen que nuestro coraz\u00f3n se agite m\u00e1s<\/p>\n\n\n\n<div class=\"wp-block-columns alignwide are-vertically-aligned-top is-layout-flex wp-container-core-columns-layout-1 wp-block-columns-is-layout-flex\">\n<div class=\"wp-block-column is-vertically-aligned-top is-layout-flow wp-block-column-is-layout-flow\">\n<h3 class=\"wp-block-heading\">EL CARTEL Agenda Cultural<\/h3>\n\n\n\n<figure class=\"wp-block-embed is-type-video is-provider-youtube wp-block-embed-youtube wp-embed-aspect-16-9 wp-has-aspect-ratio\"><div class=\"wp-block-embed__wrapper\">\n<iframe loading=\"lazy\" title=\"EL CARTEL Agenda Cultural No. 24 - Semana del 16 al 22 de noviembre\" width=\"500\" height=\"281\" src=\"https:\/\/www.youtube.com\/embed\/IkGtfSd4jQ4?feature=oembed\" frameborder=\"0\" allow=\"accelerometer; autoplay; clipboard-write; encrypted-media; gyroscope; picture-in-picture; web-share\" allowfullscreen><\/iframe>\n<\/div><\/figure>\n\n\n\n<p class=\"has-normal-font-size\">Desde 1998 hemos buscado que cada vez m\u00e1s personas puedan acceder a la din\u00e1mica art\u00edstica y cultural de la ciudad, es por eso que un grupo de estudiantes de colegio y de universidad en 1998 creamos EL CARTEL: una agenda cultural mensual (Publicaci\u00f3n tipo afiche) que ubic\u00e1bamos mes a mes en sitios de amplia concurrencia.   <\/p>\n\n\n\n<p class=\"has-normal-font-size\"><strong>Este proyecto es el que da origen a la Corporaci\u00f3n Cultural El Cartel en el a\u00f1o de 1999. <\/strong><\/p>\n\n\n\n<p>Este a\u00f1o celebraremos 25 a\u00f1os promocionando la agenda cultural de la ciudad de Bucaramanga y su \u00e1rea metropolitana.<\/p>\n\n\n\n<h6 class=\"wp-block-heading\">La primera publicaci\u00f3n de la agenda cultural EL CARTEL fue en septiembre de 1998<\/h6>\n\n\n\n<div class=\"wp-block-group alignwide is-layout-flow wp-block-group-is-layout-flow\"><div class=\"wp-block-group__inner-container\">\n<div class=\"wp-block-group is-layout-flow wp-block-group-is-layout-flow\"><div class=\"wp-block-group__inner-container\">\n<div class=\"wp-block-buttons is-layout-flex wp-block-buttons-is-layout-flex\">\n<div class=\"wp-block-button is-style-outline\"><a class=\"wp-block-button__link\" href=\"https:\/\/www.facebook.com\/elcartel.agenda\" target=\"_blank\" rel=\"noreferrer noopener\">Facebook<\/a><\/div>\n\n\n\n<div class=\"wp-block-button is-style-outline\"><a class=\"wp-block-button__link\" href=\"https:\/\/www.instagram.com\/elcartel.agenda\/\" target=\"_blank\" rel=\"noreferrer noopener\">instagram<\/a><\/div>\n\n\n\n<div class=\"wp-block-button is-style-outline\"><a class=\"wp-block-button__link\" href=\"https:\/\/twitter.com\/elcartel_agenda\" target=\"_blank\" rel=\"noreferrer noopener\">twitter<\/a><\/div>\n\n\n\n<div class=\"wp-block-button is-style-outline\"><a class=\"wp-block-button__link\" href=\"https:\/\/www.youtube.com\/@ELCARTEL\" target=\"_blank\" rel=\"noreferrer noopener\">youtube<\/a><\/div>\n<\/div>\n<\/div><\/div>\n<\/div><\/div>\n<\/div>\n\n\n\n<div class=\"wp-block-column is-vertically-aligned-top is-layout-flow wp-block-column-is-layout-flow\">\n<h3 class=\"wp-block-heading\">D\u00eda Mundial de la Alegr\u00eda<\/h3>\n\n\n\n<figure class=\"wp-block-embed is-type-video is-provider-youtube wp-block-embed-youtube wp-embed-aspect-16-9 wp-has-aspect-ratio\"><div class=\"wp-block-embed__wrapper\">\n<iframe loading=\"lazy\" title=\"\ud83d\udc38 D\u00eda Mundial de la Alegr\u00eda \u00bfpor qu\u00e9 se Celebra el 1 de Agosto?\" width=\"500\" height=\"281\" src=\"https:\/\/www.youtube.com\/embed\/kvCTe87FMyE?start=110&#038;feature=oembed\" frameborder=\"0\" allow=\"accelerometer; autoplay; clipboard-write; encrypted-media; gyroscope; picture-in-picture; web-share\" allowfullscreen><\/iframe>\n<\/div><\/figure>\n\n\n\n<p class=\"has-normal-font-size\">Iniciativa que promovemos desde que fue instaurado en 2010 por iniciativa de nuestro director Alfonso Becerra en el Congreso de Gesti\u00f3n Cultural celebrado en Santiago, Chile.<\/p>\n\n\n\n<p class=\"has-normal-font-size\">En un principio, esta fecha fue conmemorada en, al menos, catorce pa\u00edses del mundo, incluidos Chile, Brasil y Argentina, entre otros, aunque hay que decir que hoy en d\u00eda se celebra universalmente.<\/p>\n\n\n\n<h6 class=\"wp-block-heading\">El&nbsp;<strong>D\u00eda Mundial de la Alegr\u00eda<\/strong>&nbsp;se conmemora CADA 1\u00b0 de agosto <\/h6>\n\n\n\n<figure class=\"wp-block-embed is-type-video is-provider-youtube wp-block-embed-youtube wp-embed-aspect-16-9 wp-has-aspect-ratio\"><div class=\"wp-block-embed__wrapper\">\n<iframe loading=\"lazy\" title=\"El Payaso Plim Plim en el D\u00eda Mundial de la Alegr\u00eda\" width=\"500\" height=\"281\" src=\"https:\/\/www.youtube.com\/embed\/vMO-5rZT0Yw?feature=oembed\" frameborder=\"0\" allow=\"accelerometer; autoplay; clipboard-write; encrypted-media; gyroscope; picture-in-picture; web-share\" allowfullscreen><\/iframe>\n<\/div><\/figure>\n\n\n\n<h5 class=\"wp-block-heading\">#DiaMundialdelaAlegria<\/h5>\n\n\n\n<div class=\"wp-block-buttons is-layout-flex wp-block-buttons-is-layout-flex\">\n<div class=\"wp-block-button is-style-outline\"><a class=\"wp-block-button__link\" href=\"https:\/\/www.facebook.com\/DiaMundialdelaAlegria\" target=\"_blank\" rel=\"noreferrer noopener\">facebook<\/a><\/div>\n\n\n\n<div class=\"wp-block-button is-style-outline\"><a class=\"wp-block-button__link\" href=\"https:\/\/www.instagram.com\/diamundialdelaalegria_\/\" target=\"_blank\" rel=\"noreferrer noopener\">instagram<\/a><\/div>\n\n\n\n<div class=\"wp-block-button is-style-outline\"><a class=\"wp-block-button__link\" href=\"https:\/\/twitter.com\/DiadelaAlegria\" target=\"_blank\" rel=\"noreferrer noopener\">twitter<\/a><\/div>\n<\/div>\n<\/div>\n\n\n\n<div class=\"wp-block-column is-vertically-aligned-top is-layout-flow wp-block-column-is-layout-flow\">\n<h3 class=\"wp-block-heading\">D\u00eda Mundial de los Sue\u00f1os<\/h3>\n\n\n\n<figure class=\"wp-block-image size-large\"><img loading=\"lazy\" decoding=\"async\" width=\"1024\" height=\"584\" src=\"https:\/\/elcartel.org\/wp-content\/uploads\/2023\/02\/suenos-1024x584.png\" alt=\"\" class=\"wp-image-134\" srcset=\"https:\/\/elcartel.org\/wp-content\/uploads\/2023\/02\/suenos-1024x584.png 1024w, https:\/\/elcartel.org\/wp-content\/uploads\/2023\/02\/suenos-300x171.png 300w, https:\/\/elcartel.org\/wp-content\/uploads\/2023\/02\/suenos-768x438.png 768w, https:\/\/elcartel.org\/wp-content\/uploads\/2023\/02\/suenos-1536x876.png 1536w, https:\/\/elcartel.org\/wp-content\/uploads\/2023\/02\/suenos-1200x684.png 1200w, https:\/\/elcartel.org\/wp-content\/uploads\/2023\/02\/suenos.png 1545w\" sizes=\"(max-width: 1024px) 100vw, 1024px\" \/><\/figure>\n\n\n\n<p class=\"has-normal-font-size\">Creemos en los sue\u00f1os como activadores del bienestar creativo, detonadores de la imaginaci\u00f3n, las posibilidades y de los prop\u00f3sitos en la vida. <\/p>\n\n\n\n<p>Somos promotores de su celebraci\u00f3n.<\/p>\n\n\n\n<h6 class=\"wp-block-heading\">El&nbsp;<strong>D\u00eda Mundial de los sue\u00f1os <\/strong>se conmemora CADA 1\u00b0 de SEPTIEMBRE<\/h6>\n\n\n\n<h5 class=\"wp-block-heading\">#DiaMundialdelosSue\u00f1os<\/h5>\n\n\n\n<div class=\"wp-block-buttons is-layout-flex wp-block-buttons-is-layout-flex\">\n<div class=\"wp-block-button is-style-outline\"><a class=\"wp-block-button__link\" href=\"https:\/\/www.facebook.com\/profile.php?id=100066533465628\" target=\"_blank\" rel=\"noreferrer noopener\">facebook<\/a><\/div>\n<\/div>\n<\/div>\n<\/div>\n","protected":false},"excerpt":{"rendered":"<p>Estas con las Causas que hacen que nuestro coraz\u00f3n se agite m\u00e1s EL CARTEL Agenda Cultural Desde 1998 hemos buscado que cada vez m\u00e1s personas puedan acceder a la din\u00e1mica art\u00edstica y cultural de la ciudad, es por eso que un grupo de estudiantes de colegio y de universidad en 1998 creamos EL CARTEL: una [&hellip;]<\/p>\n","protected":false},"author":1,"featured_media":0,"parent":0,"menu_order":0,"comment_status":"closed","ping_status":"closed","template":"","meta":{"om_disable_all_campaigns":false,"_monsterinsights_skip_tracking":false,"_monsterinsights_sitenote_active":false,"_monsterinsights_sitenote_note":"","_monsterinsights_sitenote_category":0,"footnotes":""},"aioseo_notices":[],"_links":{"self":[{"href":"https:\/\/elcartel.org\/index.php?rest_route=\/wp\/v2\/pages\/136"}],"collection":[{"href":"https:\/\/elcartel.org\/index.php?rest_route=\/wp\/v2\/pages"}],"about":[{"href":"https:\/\/elcartel.org\/index.php?rest_route=\/wp\/v2\/types\/page"}],"author":[{"embeddable":true,"href":"https:\/\/elcartel.org\/index.php?rest_route=\/wp\/v2\/users\/1"}],"replies":[{"embeddable":true,"href":"https:\/\/elcartel.org\/index.php?rest_route=%2Fwp%2Fv2%2Fcomments&post=136"}],"version-history":[{"count":4,"href":"https:\/\/elcartel.org\/index.php?rest_route=\/wp\/v2\/pages\/136\/revisions"}],"predecessor-version":[{"id":160,"href":"https:\/\/elcartel.org\/index.php?rest_route=\/wp\/v2\/pages\/136\/revisions\/160"}],"wp:attachment":[{"href":"https:\/\/elcartel.org\/index.php?rest_route=%2Fwp%2Fv2%2Fmedia&parent=136"}],"curies":[{"name":"wp","href":"https:\/\/api.w.org\/{rel}","templated":true}]}}