{"id":17,"date":"2022-01-05T21:48:45","date_gmt":"2022-01-05T21:48:45","guid":{"rendered":"http:\/\/elcartel.org\/?page_id=17"},"modified":"2025-05-13T09:48:26","modified_gmt":"2025-05-13T09:48:26","slug":"el-nuevo-umoma-abre-sus-puertas-2","status":"publish","type":"page","link":"https:\/\/elcartel.org\/","title":{"rendered":"Corporaci\u00f3n Cultural El Cartel"},"content":{"rendered":"\n<div class=\"alignnormal\"><div id=\"metaslider-id-221\" style=\"width: 100%;\" class=\"ml-slider-3-108-0 metaslider metaslider-flex metaslider-221 ml-slider has-dots-nav has-carousel-mode ms-theme-default\" role=\"region\" aria-label=\"Nueva presentaci\u00f3n de diapositivas\" data-height=\"600\" data-width=\"1580\">\n    <div id=\"metaslider_container_221\">\n        <div id=\"metaslider_221\">\n            <ul class='slides'>\n                <li style=\"display: none; width: 100%;\" class=\"slide-269 ms-image \" aria-roledescription=\"slide\" data-date=\"2023-02-28 06:30:12\" data-filename=\"slides5-1580x600.png\" data-slide-type=\"image\"><img loading=\"lazy\" decoding=\"async\" src=\"https:\/\/elcartel.org\/wp-content\/uploads\/2024\/11\/slides5-1580x600.png\" height=\"600\" width=\"1580\" alt=\"\" class=\"slider-221 slide-269 msDefaultImage\" title=\"slides5\" \/><\/li>\n                <li style=\"display: none; width: 100%;\" class=\"slide-343 ms-image \" aria-roledescription=\"slide\" data-date=\"2024-11-12 00:45:00\" data-filename=\"slides3-1-1580x600.png\" data-slide-type=\"image\"><img loading=\"lazy\" decoding=\"async\" src=\"https:\/\/elcartel.org\/wp-content\/uploads\/2024\/11\/slides3-1-1580x600.png\" height=\"600\" width=\"1580\" alt=\"\" class=\"slider-221 slide-343 msDefaultImage\" title=\"slides3\" \/><\/li>\n                <li style=\"display: none; width: 100%;\" class=\"slide-229 ms-image \" aria-roledescription=\"slide\" data-date=\"2023-02-26 01:30:04\" data-filename=\"d-1500x569.png\" data-slide-type=\"image\"><img loading=\"lazy\" decoding=\"async\" src=\"https:\/\/elcartel.org\/wp-content\/uploads\/2023\/02\/d-1500x569.png\" height=\"600\" width=\"1580\" alt=\"VisitArte - Circuito de Arte para Colegios\" class=\"slider-221 slide-229 msDefaultImage\" title=\"Visitarte\" \/><\/li>\n                <li style=\"display: none; width: 100%;\" class=\"slide-380 ms-image \" aria-roledescription=\"slide\" data-date=\"2025-05-13 09:16:58\" data-filename=\"Recuperada_VALE-CULTURA-1580x600.jpg\" data-slide-type=\"image\"><a href=\"https:\/\/elcartel.org\/?page_id=374\" target=\"_self\" aria-label=\"Ver detalles de la diapositiva\" class=\"metaslider_image_link\"><img loading=\"lazy\" decoding=\"async\" src=\"https:\/\/elcartel.org\/wp-content\/uploads\/2025\/11\/Recuperada_VALE-CULTURA-1580x600.jpg\" height=\"600\" width=\"1580\" alt=\"\" class=\"slider-221 slide-380 msDefaultImage\" title=\"Recuperada_VALE-CULTURA\" \/><\/a><\/li>\n                <li style=\"display: none; width: 100%;\" class=\"slide-227 ms-image \" aria-roledescription=\"slide\" data-date=\"2023-02-26 01:27:29\" data-filename=\"c-1500x569.png\" data-slide-type=\"image\"><img loading=\"lazy\" decoding=\"async\" src=\"https:\/\/elcartel.org\/wp-content\/uploads\/2023\/02\/c-1500x569.png\" height=\"600\" width=\"1580\" alt=\"Salas Abiertas - Circuito de Arte de Bucaramanga\" class=\"slider-221 slide-227 msDefaultImage\" title=\"Salas Abiertas\" \/><\/li>\n                <li style=\"display: none; width: 100%;\" class=\"slide-231 ms-image \" aria-roledescription=\"slide\" data-date=\"2023-02-26 01:33:46\" data-filename=\"slides2-1580x600.png\" data-slide-type=\"image\"><img loading=\"lazy\" decoding=\"async\" src=\"https:\/\/elcartel.org\/wp-content\/uploads\/2024\/11\/slides2-1580x600.png\" height=\"600\" width=\"1580\" alt=\"D\u00eda Mundial de la Alegr\u00eda - Agosto 1\" class=\"slider-221 slide-231 msDefaultImage\" \/><\/li>\n                <li style=\"display: none; width: 100%;\" class=\"slide-225 ms-image \" aria-roledescription=\"slide\" data-date=\"2023-02-26 01:16:30\" data-filename=\"slides4-1580x600.png\" data-slide-type=\"image\"><a href=\"https:\/\/elcartel.org\/?page_id=357\" target=\"_self\" aria-label=\"Ver detalles de la diapositiva\" class=\"metaslider_image_link\"><img loading=\"lazy\" decoding=\"async\" src=\"https:\/\/elcartel.org\/wp-content\/uploads\/2024\/11\/slides4-1580x600.png\" height=\"600\" width=\"1580\" alt=\"Salas Abiertas - Circuito de Arte de Bucaramanga\" class=\"slider-221 slide-225 msDefaultImage\" \/><\/a><\/li>\n                <li style=\"display: none; width: 100%;\" class=\"slide-345 ms-image \" aria-roledescription=\"slide\" data-date=\"2024-11-12 00:47:43\" data-filename=\"a-1-1500x569.png\" data-slide-type=\"image\"><img loading=\"lazy\" decoding=\"async\" src=\"https:\/\/elcartel.org\/wp-content\/uploads\/2023\/02\/a-1-1500x569.png\" height=\"600\" width=\"1580\" alt=\"\" class=\"slider-221 slide-345 msDefaultImage\" title=\"a\" \/><\/li>\n            <\/ul>\n        <\/div>\n        \n    <\/div>\n<\/div><\/div>\n\n\n\n<p>En 1999, en el coraz\u00f3n de Bucaramanga, naci\u00f3 la Corporaci\u00f3n Cultural EL CARTEL con una visi\u00f3n clara: impulsar un futuro m\u00e1s creativo y conectado a trav\u00e9s del arte y la comunicaci\u00f3n. Desde entonces, hemos dedicado nuestros esfuerzos para promocionar la creatividad, el talento art\u00edstico y acompa\u00f1ar la aceleraci\u00f3n del desarrollo del ecosistema cultural en la regi\u00f3n. <\/p>\n\n\n\n<p>Somos una organizaci\u00f3n que imagina, construye y despliega estrategias de comunicaci\u00f3n y educomunicaci\u00f3n sociocultural de alto impacto, con la convicci\u00f3n de que estas son fuerzas poderosas para transformar vidas. Nuestro trabajo est\u00e1 orientado a enriquecer la experiencia vital y cultivar la salud creativa de las comunidades, inspirando un presente y un futuro donde la expresi\u00f3n y la conexi\u00f3n sean fundamentales para el bienestar colectivo.<\/p>\n\n\n\n<div class=\"wp-block-group alignwide is-layout-flow wp-block-group-is-layout-flow\"><div class=\"wp-block-group__inner-container\">\n<h2 class=\"wp-block-heading has-text-align-center\">Creatividad, comunicaci\u00f3n y cultura para todos<\/h2>\n<\/div><\/div>\n\n\n\n<div class=\"wp-block-columns alignwide is-layout-flex wp-container-core-columns-layout-1 wp-block-columns-is-layout-flex\">\n<div class=\"wp-block-column is-layout-flow wp-block-column-is-layout-flow\">\n<div class=\"wp-block-group is-layout-flow wp-block-group-is-layout-flow\"><div class=\"wp-block-group__inner-container\">\n<figure class=\"wp-block-image alignfull size-large\"><img loading=\"lazy\" decoding=\"async\" width=\"1024\" height=\"678\" src=\"http:\/\/elcartel.org\/wp-content\/uploads\/2022\/01\/young-man-screaming-with-happiness-in-the-rain-F100030738-1024x678.jpg\" alt=\"\" class=\"wp-image-49\" srcset=\"https:\/\/elcartel.org\/wp-content\/uploads\/2022\/01\/young-man-screaming-with-happiness-in-the-rain-F100030738-1024x678.jpg 1024w, https:\/\/elcartel.org\/wp-content\/uploads\/2022\/01\/young-man-screaming-with-happiness-in-the-rain-F100030738-300x199.jpg 300w, https:\/\/elcartel.org\/wp-content\/uploads\/2022\/01\/young-man-screaming-with-happiness-in-the-rain-F100030738-768x509.jpg 768w, https:\/\/elcartel.org\/wp-content\/uploads\/2022\/01\/young-man-screaming-with-happiness-in-the-rain-F100030738-1200x795.jpg 1200w, https:\/\/elcartel.org\/wp-content\/uploads\/2022\/01\/young-man-screaming-with-happiness-in-the-rain-F100030738.jpg 1280w\" sizes=\"(max-width: 1024px) 100vw, 1024px\" \/><\/figure>\n\n\n\n<h3 class=\"wp-block-heading\">La primera alegr\u00eda<\/h3>\n\n\n\n<p>1 de Agosto &#8212; D\u00eda Mundial de la Alegr\u00eda<\/p>\n<\/div><\/div>\n<\/div>\n\n\n\n<div class=\"wp-block-column is-layout-flow wp-block-column-is-layout-flow\">\n<div class=\"wp-block-group is-layout-flow wp-block-group-is-layout-flow\"><div class=\"wp-block-group__inner-container\">\n<figure class=\"wp-block-image alignfull size-full\"><img loading=\"lazy\" decoding=\"async\" width=\"900\" height=\"600\" src=\"http:\/\/elcartel.org\/wp-content\/uploads\/2022\/01\/opera-concert-theatre-singer-funny-musician-stage-performance-F100013380.jpg\" alt=\"\" class=\"wp-image-42\" srcset=\"https:\/\/elcartel.org\/wp-content\/uploads\/2022\/01\/opera-concert-theatre-singer-funny-musician-stage-performance-F100013380.jpg 900w, https:\/\/elcartel.org\/wp-content\/uploads\/2022\/01\/opera-concert-theatre-singer-funny-musician-stage-performance-F100013380-300x200.jpg 300w, https:\/\/elcartel.org\/wp-content\/uploads\/2022\/01\/opera-concert-theatre-singer-funny-musician-stage-performance-F100013380-768x512.jpg 768w\" sizes=\"(max-width: 900px) 100vw, 900px\" \/><\/figure>\n\n\n\n<h3 class=\"wp-block-heading\">Gu\u00eda de eventos \/ El Cartel <\/h3>\n\n\n\n<p>Planes culturales<\/p>\n<\/div><\/div>\n<\/div>\n<\/div>\n\n\n\n<figure class=\"wp-block-image alignfull size-full is-style-default\"><img loading=\"lazy\" decoding=\"async\" width=\"900\" height=\"529\" src=\"http:\/\/elcartel.org\/wp-content\/uploads\/2022\/01\/F100010815-arte_con_lapices_de_colores.jpg\" alt=\"\" class=\"wp-image-53\" srcset=\"https:\/\/elcartel.org\/wp-content\/uploads\/2022\/01\/F100010815-arte_con_lapices_de_colores.jpg 900w, https:\/\/elcartel.org\/wp-content\/uploads\/2022\/01\/F100010815-arte_con_lapices_de_colores-300x176.jpg 300w, https:\/\/elcartel.org\/wp-content\/uploads\/2022\/01\/F100010815-arte_con_lapices_de_colores-768x451.jpg 768w\" sizes=\"(max-width: 900px) 100vw, 900px\" \/><\/figure>\n\n\n\n<div class=\"wp-block-group alignwide is-layout-flow wp-block-group-is-layout-flow\"><div class=\"wp-block-group__inner-container\">\n<h2 class=\"wp-block-heading has-text-align-center has-accent-color has-text-color\">\u00abSi estimular la creatividad es saludable, existe una salud creativa\u00bb.<\/h2>\n<\/div><\/div>\n\n\n\n<p><\/p>\n\n\n\n<p><\/p>\n\n\n\n<p><\/p>\n\n\n\n<div class=\"wp-block-columns alignwide is-layout-flex wp-container-core-columns-layout-2 wp-block-columns-is-layout-flex\">\n<div class=\"wp-block-column is-layout-flow wp-block-column-is-layout-flow\" style=\"flex-basis:100%\">\n<div class=\"wp-block-group alignfull has-background is-layout-flow wp-block-group-is-layout-flow\" style=\"background-color:#ffffff\"><div class=\"wp-block-group__inner-container\">\n<div class=\"wp-block-group alignfull is-layout-flow wp-block-group-is-layout-flow\"><div class=\"wp-block-group__inner-container\"><div  ><style id=\"sp_lcp_dynamic_css191\">div#logo-carousel-free-191.logo-carousel-free .sp-lc-logo{border: 0px solid #dddddd;border-radius: 0px;overflow: hidden;}div#logo-carousel-free-191.logo-carousel-free .sp-lc-logo:hover{border-color: #16a08b;}#logo-carousel-free-191.sp-lc-container .sp-lc-pagination .swiper-pagination-bullet {background-color: #dddddd;margin: 0 4px;}#logo-carousel-free-191.sp-lc-container .sp-lc-pagination .swiper-pagination-bullet.swiper-pagination-bullet-active{background-color: #16a08b; }@media only screen and (max-width: 576px) {#logo-carousel-free-191.sp-lc-container .sp-lc-button-prev,#logo-carousel-free-191.sp-lc-container .sp-lc-button-next {display: none;}} .logo-carousel-free-area#logo-carousel-free-191{position: relative;}#lcp-preloader-191{position: absolute;left: 0;top: 0;height: 100%;width: 100%;text-align: center;display: flex;align-items: center;justify-content: center;background: #fff;z-index: 9999;} .logo-carousel-free-area#logo-carousel-free-191 .sp-logo-carousel-section-title{margin-bottom: 30px;}@media screen and (min-width: 1200px ){.logo-carousel-free-area#logo-carousel-free-191 .sp-logo-carousel:not([class*=\"-initialized\"]) > .swiper-wrapper {display: flex;width: calc( 100% + 12px );}.logo-carousel-free-area#logo-carousel-free-191 .sp-logo-carousel:not([class*=\"-initialized\"]) > .swiper-wrapper > .swiper-slide {width: 20%;padding-right: 12px;}}<\/style><div id='logo-carousel-free-191' class=\"logo-carousel-free logo-carousel-free-area sp-lc-container\"><div id=\"lcp-preloader-191\" class=\"sp-logo-carousel-preloader\"><img decoding=\"async\" src=\"https:\/\/elcartel.org\/wp-content\/plugins\/logo-carousel-free\/admin\/assets\/images\/spinner.svg\" alt=\"loader-image\"\/><\/div><h2 class=\"sp-logo-carousel-section-title\">Aliados<\/h2><div id=\"sp-logo-carousel-id-191\" class=\"swiper-container sp-logo-carousel lcp-preloader\" dir=\"ltr\"  data-carousel='{ \"speed\":600,\"spaceBetween\": 12, \"autoplay\": true, \"infinite\":true, \"autoplay_speed\": 3000, \"stop_onHover\": true, \"pagination\": true, \"navigation\": false, \"MobileNav\": false, \"MobilePagi\": true, \"simulateTouch\": true,\"freeMode\": false,\"swipeToSlide\": false, \"carousel_accessibility\": true,\"adaptiveHeight\": false,\"allowTouchMove\": true, \"slidesPerView\": { \"lg_desktop\": 5, \"desktop\": 4, \"tablet\": 3, \"mobile\": 1, \"mobile_landscape\": 2 } }' data-carousel-starts-onscreen=\"false\"><div class=\"swiper-wrapper\"><div class=\"swiper-slide\"><div class=\"sp-lc-logo\"><img loading=\"lazy\" decoding=\"async\" src=\"https:\/\/elcartel.org\/wp-content\/uploads\/2023\/02\/Logo-ccb.jpg\" title=\"\" alt=\"CCb\" width=\"496\" height=\"289\" class=\"sp-lc-image skip-lazy\"><\/div><\/div><div class=\"swiper-slide\"><div class=\"sp-lc-logo\"><img loading=\"lazy\" decoding=\"async\" src=\"https:\/\/elcartel.org\/wp-content\/uploads\/2023\/02\/logo-imct.jpg\" title=\"\" alt=\"imct\" width=\"500\" height=\"291\" class=\"sp-lc-image skip-lazy\"><\/div><\/div><div class=\"swiper-slide\"><div class=\"sp-lc-logo\"><img loading=\"lazy\" decoding=\"async\" src=\"https:\/\/elcartel.org\/wp-content\/uploads\/2023\/02\/logo-uis.jpg\" title=\"\" alt=\"UIS\" width=\"500\" height=\"291\" class=\"sp-lc-image skip-lazy\"><\/div><\/div><div class=\"swiper-slide\"><div class=\"sp-lc-logo\"><img loading=\"lazy\" decoding=\"async\" src=\"https:\/\/elcartel.org\/wp-content\/uploads\/2023\/02\/logo-unab.jpg\" title=\"\" alt=\"unab\" width=\"500\" height=\"291\" class=\"sp-lc-image skip-lazy\"><\/div><\/div><div class=\"swiper-slide\"><div class=\"sp-lc-logo\"><img loading=\"lazy\" decoding=\"async\" src=\"https:\/\/elcartel.org\/wp-content\/uploads\/2023\/02\/logo-banrep.jpg\" title=\"\" alt=\"Banrep\" width=\"500\" height=\"291\" class=\"sp-lc-image skip-lazy\"><\/div><\/div><div class=\"swiper-slide\"><div class=\"sp-lc-logo\"><img loading=\"lazy\" decoding=\"async\" src=\"https:\/\/elcartel.org\/wp-content\/uploads\/2023\/02\/logo-mamb.jpg\" title=\"\" alt=\"Logo Mamb\" width=\"500\" height=\"291\" class=\"sp-lc-image skip-lazy\"><\/div><\/div><div class=\"swiper-slide\"><div class=\"sp-lc-logo\"><img loading=\"lazy\" decoding=\"async\" src=\"https:\/\/elcartel.org\/wp-content\/uploads\/2023\/02\/logo-af.jpg\" title=\"\" alt=\"Logo af\" width=\"500\" height=\"291\" class=\"sp-lc-image skip-lazy\"><\/div><\/div><div class=\"swiper-slide\"><div class=\"sp-lc-logo\"><img loading=\"lazy\" decoding=\"async\" src=\"https:\/\/elcartel.org\/wp-content\/uploads\/2023\/02\/LOGO-TS.jpg\" title=\"\" alt=\"Logo ts\" width=\"500\" height=\"291\" class=\"sp-lc-image skip-lazy\"><\/div><\/div><div class=\"swiper-slide\"><div class=\"sp-lc-logo\"><img loading=\"lazy\" decoding=\"async\" src=\"https:\/\/elcartel.org\/wp-content\/uploads\/2023\/02\/Logo-CLT.jpg\" title=\"\" alt=\"Loco CL\" width=\"500\" height=\"291\" class=\"sp-lc-image skip-lazy\"><\/div><\/div><div class=\"swiper-slide\"><div class=\"sp-lc-logo\"><img loading=\"lazy\" decoding=\"async\" src=\"https:\/\/elcartel.org\/wp-content\/uploads\/2023\/02\/Logo-CCOC.jpg\" title=\"\" alt=\"Logo CCOC\" width=\"500\" height=\"291\" class=\"sp-lc-image skip-lazy\"><\/div><\/div><div class=\"swiper-slide\"><div class=\"sp-lc-logo\"><img loading=\"lazy\" decoding=\"async\" src=\"https:\/\/elcartel.org\/wp-content\/uploads\/2023\/02\/Logo-CCAB.jpg\" title=\"\" alt=\"Logo CCAB\" width=\"500\" height=\"291\" class=\"sp-lc-image skip-lazy\"><\/div><\/div><div class=\"swiper-slide\"><div class=\"sp-lc-logo\"><img loading=\"lazy\" decoding=\"async\" src=\"https:\/\/elcartel.org\/wp-content\/uploads\/2023\/02\/Logo-CCES.jpg\" title=\"\" alt=\"Logo CCES\" width=\"500\" height=\"291\" class=\"sp-lc-image skip-lazy\"><\/div><\/div><div class=\"swiper-slide\"><div class=\"sp-lc-logo\"><img loading=\"lazy\" decoding=\"async\" src=\"https:\/\/elcartel.org\/wp-content\/uploads\/2023\/02\/22.png\" title=\"\" alt=\"Enredar\" width=\"500\" height=\"291\" class=\"sp-lc-image skip-lazy\"><\/div><\/div><div class=\"swiper-slide\"><div class=\"sp-lc-logo\"><img loading=\"lazy\" decoding=\"async\" src=\"https:\/\/elcartel.org\/wp-content\/uploads\/2023\/02\/44.png\" title=\"\" alt=\"alter\" width=\"500\" height=\"291\" class=\"sp-lc-image skip-lazy\"><\/div><\/div><div class=\"swiper-slide\"><div class=\"sp-lc-logo\"><img loading=\"lazy\" decoding=\"async\" src=\"https:\/\/elcartel.org\/wp-content\/uploads\/2023\/02\/33.png\" title=\"\" alt=\"coma\" width=\"500\" height=\"291\" class=\"sp-lc-image skip-lazy\"><\/div><\/div><div class=\"swiper-slide\"><div class=\"sp-lc-logo\"><img loading=\"lazy\" decoding=\"async\" src=\"https:\/\/elcartel.org\/wp-content\/uploads\/2023\/02\/55.png\" title=\"\" alt=\"chuec\" width=\"500\" height=\"291\" class=\"sp-lc-image skip-lazy\"><\/div><\/div><div class=\"swiper-slide\"><div class=\"sp-lc-logo\"><img loading=\"lazy\" decoding=\"async\" src=\"https:\/\/elcartel.org\/wp-content\/uploads\/2023\/02\/66.png\" title=\"\" alt=\"nativ\" width=\"500\" height=\"291\" class=\"sp-lc-image skip-lazy\"><\/div><\/div><\/div><div class=\"sp-lc-pagination swiper-pagination dots\"><\/div><\/div><\/div><\/div><\/div><\/div>\n<\/div><\/div>\n<\/div>\n<\/div>\n\n\n\n<div class=\"wp-block-buttons is-layout-flex wp-block-buttons-is-layout-flex\">\n\n\n\n<\/div>\n\n\n\n<pre class=\"wp-block-code\"><code><\/code><\/pre>\n\n\n\n<pre class=\"wp-block-code\"><code><\/code><\/pre>\n","protected":false},"excerpt":{"rendered":"<p>En 1999, en el coraz\u00f3n de Bucaramanga, naci\u00f3 la Corporaci\u00f3n Cultural EL CARTEL con una visi\u00f3n clara: impulsar un futuro m\u00e1s creativo y conectado a trav\u00e9s del arte y la comunicaci\u00f3n. Desde entonces, hemos dedicado nuestros esfuerzos para promocionar la creatividad, el talento art\u00edstico y acompa\u00f1ar la aceleraci\u00f3n del desarrollo del ecosistema cultural en la [&hellip;]<\/p>\n","protected":false},"author":1,"featured_media":0,"parent":0,"menu_order":0,"comment_status":"closed","ping_status":"closed","template":"","meta":{"om_disable_all_campaigns":false,"_monsterinsights_skip_tracking":false,"_monsterinsights_sitenote_active":false,"_monsterinsights_sitenote_note":"","_monsterinsights_sitenote_category":0,"footnotes":""},"aioseo_notices":[],"_links":{"self":[{"href":"https:\/\/elcartel.org\/index.php?rest_route=\/wp\/v2\/pages\/17"}],"collection":[{"href":"https:\/\/elcartel.org\/index.php?rest_route=\/wp\/v2\/pages"}],"about":[{"href":"https:\/\/elcartel.org\/index.php?rest_route=\/wp\/v2\/types\/page"}],"author":[{"embeddable":true,"href":"https:\/\/elcartel.org\/index.php?rest_route=\/wp\/v2\/users\/1"}],"replies":[{"embeddable":true,"href":"https:\/\/elcartel.org\/index.php?rest_route=%2Fwp%2Fv2%2Fcomments&post=17"}],"version-history":[{"count":60,"href":"https:\/\/elcartel.org\/index.php?rest_route=\/wp\/v2\/pages\/17\/revisions"}],"predecessor-version":[{"id":386,"href":"https:\/\/elcartel.org\/index.php?rest_route=\/wp\/v2\/pages\/17\/revisions\/386"}],"wp:attachment":[{"href":"https:\/\/elcartel.org\/index.php?rest_route=%2Fwp%2Fv2%2Fmedia&parent=17"}],"curies":[{"name":"wp","href":"https:\/\/api.w.org\/{rel}","templated":true}]}}