{"id":2,"date":"2022-01-05T21:20:22","date_gmt":"2022-01-05T21:20:22","guid":{"rendered":"http:\/\/elcartel.org\/?page_id=2"},"modified":"2023-02-25T18:49:22","modified_gmt":"2023-02-25T18:49:22","slug":"pagina-ejemplo","status":"publish","type":"page","link":"https:\/\/elcartel.org\/?page_id=2","title":{"rendered":"Misi\u00f3n"},"content":{"rendered":"\n<p style=\"font-size:rem\">Somos una organizaci\u00f3n no gubernamental que trabaja en la creaci\u00f3n, acompa\u00f1amiento y ejecuci\u00f3n de procesos relacionados con innovaci\u00f3n social, desde estrategias edu-comunicativas, campa\u00f1as de cultura ciudadana, sistemas de informaci\u00f3n, dise\u00f1o de eventos y estrategias de comunicaci\u00f3n de alto impacto, encaminados a fortalecer el desarrollo educativo, cultural, institucional y social en la naci\u00f3n.<\/p>\n\n\n\n<div class=\"wp-block-image is-style-default\"><figure class=\"aligncenter size-full\"><img loading=\"lazy\" decoding=\"async\" width=\"198\" height=\"281\" src=\"https:\/\/elcartel.org\/wp-content\/uploads\/2023\/02\/ccec-1.png\" alt=\"\" class=\"wp-image-147\"\/><figcaption>Primer logo de la Corporaci\u00f3n Cultural EL CARTEL &#8211; 1999<\/figcaption><\/figure><\/div>\n\n\n\n<h2 class=\"wp-block-heading\"><strong>VISI\u00d3N<\/strong><\/h2>\n\n\n\n<p>Seremos reconocidos como una organizaci\u00f3n l\u00edder por sus propuestas creativas, din\u00e1micas, propositivas e innovadoras que le agregan valor a todas sus acciones, sumando al fortalecimiento del desarrollo social, cultural y econ\u00f3mico de la regi\u00f3n.<\/p>\n\n\n\n<p><\/p>\n\n\n\n<h2 class=\"wp-block-heading\"><strong>VALORES<\/strong><\/h2>\n\n\n\n<p>Liderazgo<br>Creatividad<br>Participaci\u00f3n<br>Innovaci\u00f3n<br>Corresponsabilidad<br>Alegr\u00eda<br>Memoria<\/p>\n","protected":false},"excerpt":{"rendered":"<p>Somos una organizaci\u00f3n no gubernamental que trabaja en la creaci\u00f3n, acompa\u00f1amiento y ejecuci\u00f3n de procesos relacionados con innovaci\u00f3n social, desde estrategias edu-comunicativas, campa\u00f1as de cultura ciudadana, sistemas de informaci\u00f3n, dise\u00f1o de eventos y estrategias de comunicaci\u00f3n de alto impacto, encaminados a fortalecer el desarrollo educativo, cultural, institucional y social en la naci\u00f3n. VISI\u00d3N Seremos reconocidos [&hellip;]<\/p>\n","protected":false},"author":1,"featured_media":0,"parent":0,"menu_order":0,"comment_status":"closed","ping_status":"open","template":"","meta":{"om_disable_all_campaigns":false,"_monsterinsights_skip_tracking":false,"_monsterinsights_sitenote_active":false,"_monsterinsights_sitenote_note":"","_monsterinsights_sitenote_category":0,"footnotes":""},"aioseo_notices":[],"_links":{"self":[{"href":"https:\/\/elcartel.org\/index.php?rest_route=\/wp\/v2\/pages\/2"}],"collection":[{"href":"https:\/\/elcartel.org\/index.php?rest_route=\/wp\/v2\/pages"}],"about":[{"href":"https:\/\/elcartel.org\/index.php?rest_route=\/wp\/v2\/types\/page"}],"author":[{"embeddable":true,"href":"https:\/\/elcartel.org\/index.php?rest_route=\/wp\/v2\/users\/1"}],"replies":[{"embeddable":true,"href":"https:\/\/elcartel.org\/index.php?rest_route=%2Fwp%2Fv2%2Fcomments&post=2"}],"version-history":[{"count":7,"href":"https:\/\/elcartel.org\/index.php?rest_route=\/wp\/v2\/pages\/2\/revisions"}],"predecessor-version":[{"id":175,"href":"https:\/\/elcartel.org\/index.php?rest_route=\/wp\/v2\/pages\/2\/revisions\/175"}],"wp:attachment":[{"href":"https:\/\/elcartel.org\/index.php?rest_route=%2Fwp%2Fv2%2Fmedia&parent=2"}],"curies":[{"name":"wp","href":"https:\/\/api.w.org\/{rel}","templated":true}]}}