{"id":294,"date":"2023-03-01T05:56:51","date_gmt":"2023-03-01T05:56:51","guid":{"rendered":"https:\/\/elcartel.org\/?page_id=294"},"modified":"2024-01-26T04:09:17","modified_gmt":"2024-01-26T04:09:17","slug":"dia-mundial-de-la-alegria","status":"publish","type":"page","link":"https:\/\/elcartel.org\/?page_id=294","title":{"rendered":"D\u00eda Mundial de la Alegr\u00eda"},"content":{"rendered":"\n<div class=\"wp-block-group is-layout-flow wp-block-group-is-layout-flow\"><div class=\"wp-block-group__inner-container\">\n<h2 class=\"wp-block-heading\">Agosto 1 &#8211; August 1 &#8211;  1 Ao\u00fbt  <\/h2>\n<\/div><\/div>\n\n\n\n<p><strong>El 1 de agosto se celebra el D\u00eda Mundial de la Alegr\u00eda<\/strong>, que fue instaurado en 2010 por iniciativa del colombiano Alfonso Becerra en un Congreso de Gesti\u00f3n Cultural celebrado en Chile.<\/p>\n\n\n\n<p>En un principio, esta fecha fue conmemorada en, al menos, catorce pa\u00edses del mundo, incluidos Chile, Brasil y Argentina, entre otros, aunque hay que decir que hoy en d\u00eda se celebra universalmente.<\/p>\n\n\n\n<p>El&nbsp;<strong>D\u00eda Mundial de la Alegr\u00eda<\/strong>&nbsp;sirve para reflexionar sobre la importancia de tener presente ese sentimiento en cada momento de la vida y su poder transformador.<\/p>\n\n\n\n<div class=\"wp-block-columns alignfull is-layout-flex wp-container-core-columns-layout-1 wp-block-columns-is-layout-flex\">\n<div class=\"wp-block-column is-layout-flow wp-block-column-is-layout-flow\">\n<figure class=\"wp-block-embed is-type-video is-provider-youtube wp-block-embed-youtube wp-embed-aspect-16-9 wp-has-aspect-ratio\"><div class=\"wp-block-embed__wrapper\">\n<iframe loading=\"lazy\" title=\"Di\u0301a mundial de la alegri\u0301a, \u00bfc\u00f3mo lo vas a celebrar?\" width=\"500\" height=\"281\" src=\"https:\/\/www.youtube.com\/embed\/EuAuSp9CZ_c?feature=oembed\" frameborder=\"0\" allow=\"accelerometer; autoplay; clipboard-write; encrypted-media; gyroscope; picture-in-picture; web-share\" allowfullscreen><\/iframe>\n<\/div><figcaption><strong>M\u00e9xico<\/strong><\/figcaption><\/figure>\n\n\n\n<p><\/p>\n<\/div>\n\n\n\n<div class=\"wp-block-column is-layout-flow wp-block-column-is-layout-flow\">\n<figure class=\"wp-block-embed is-type-video is-provider-youtube wp-block-embed-youtube wp-embed-aspect-16-9 wp-has-aspect-ratio\"><div class=\"wp-block-embed__wrapper\">\n<iframe loading=\"lazy\" title=\"El Payaso Plim Plim en el D\u00eda Mundial de la Alegr\u00eda\" width=\"500\" height=\"281\" src=\"https:\/\/www.youtube.com\/embed\/vMO-5rZT0Yw?feature=oembed\" frameborder=\"0\" allow=\"accelerometer; autoplay; clipboard-write; encrypted-media; gyroscope; picture-in-picture; web-share\" allowfullscreen><\/iframe>\n<\/div><figcaption><strong>Argentina<\/strong><\/figcaption><\/figure>\n<\/div>\n\n\n\n<div class=\"wp-block-column is-layout-flow wp-block-column-is-layout-flow\">\n<figure class=\"wp-block-embed is-type-video is-provider-youtube wp-block-embed-youtube wp-embed-aspect-16-9 wp-has-aspect-ratio\"><div class=\"wp-block-embed__wrapper\">\n<iframe loading=\"lazy\" title=\"D\u00cdA MUNDIAL DE LA ALEGR\u00cdA\" width=\"500\" height=\"281\" src=\"https:\/\/www.youtube.com\/embed\/uDP2FbFDA84?feature=oembed\" frameborder=\"0\" allow=\"accelerometer; autoplay; clipboard-write; encrypted-media; gyroscope; picture-in-picture; web-share\" allowfullscreen><\/iframe>\n<\/div><\/figure>\n<\/div>\n<\/div>\n\n\n\n<div class=\"wp-block-columns alignfull is-layout-flex wp-container-core-columns-layout-2 wp-block-columns-is-layout-flex\">\n<div class=\"wp-block-column is-vertically-aligned-top is-layout-flow wp-block-column-is-layout-flow\">\n<figure class=\"wp-block-embed aligncenter is-type-video is-provider-youtube wp-block-embed-youtube wp-embed-aspect-16-9 wp-has-aspect-ratio\"><div class=\"wp-block-embed__wrapper\">\n<iframe loading=\"lazy\" title=\"El Opinador: D\u00eda Mundial de la Alegr\u00eda\" width=\"500\" height=\"281\" src=\"https:\/\/www.youtube.com\/embed\/5WUv-jb96xY?start=21&#038;feature=oembed\" frameborder=\"0\" allow=\"accelerometer; autoplay; clipboard-write; encrypted-media; gyroscope; picture-in-picture; web-share\" allowfullscreen><\/iframe>\n<\/div><figcaption><strong>M\u00e9xico<\/strong><\/figcaption><\/figure>\n<\/div>\n\n\n\n<div class=\"wp-block-column is-vertically-aligned-top is-layout-flow wp-block-column-is-layout-flow\">\n<figure class=\"wp-block-embed is-type-video is-provider-youtube wp-block-embed-youtube wp-embed-aspect-16-9 wp-has-aspect-ratio\"><div class=\"wp-block-embed__wrapper\">\n<iframe loading=\"lazy\" title=\"\u00a1D\u00eda Mundial de la Alegr\u00eda!\" width=\"500\" height=\"281\" src=\"https:\/\/www.youtube.com\/embed\/2dSPdgIylCo?feature=oembed\" frameborder=\"0\" allow=\"accelerometer; autoplay; clipboard-write; encrypted-media; gyroscope; picture-in-picture; web-share\" allowfullscreen><\/iframe>\n<\/div><figcaption><strong>Paraguay<\/strong><\/figcaption><\/figure>\n<\/div>\n\n\n\n<div class=\"wp-block-column is-layout-flow wp-block-column-is-layout-flow\">\n<figure class=\"wp-block-embed aligncenter is-type-video is-provider-youtube wp-block-embed-youtube wp-embed-aspect-16-9 wp-has-aspect-ratio\"><div class=\"wp-block-embed__wrapper\">\n<iframe loading=\"lazy\" title=\"\ud83d\udc38 D\u00eda Mundial de la Alegr\u00eda \u00bfpor qu\u00e9 se Celebra el 1 de Agosto?\" width=\"500\" height=\"281\" src=\"https:\/\/www.youtube.com\/embed\/kvCTe87FMyE?start=185&#038;feature=oembed\" frameborder=\"0\" allow=\"accelerometer; autoplay; clipboard-write; encrypted-media; gyroscope; picture-in-picture; web-share\" allowfullscreen><\/iframe>\n<\/div><figcaption><strong>Argentina<\/strong><\/figcaption><\/figure>\n<\/div>\n<\/div>\n\n\n\n<div class=\"wp-block-columns alignfull is-layout-flex wp-container-core-columns-layout-3 wp-block-columns-is-layout-flex\">\n<div class=\"wp-block-column is-layout-flow wp-block-column-is-layout-flow\">\n<figure class=\"wp-block-embed is-type-video is-provider-youtube wp-block-embed-youtube wp-embed-aspect-16-9 wp-has-aspect-ratio\"><div class=\"wp-block-embed__wrapper\">\n<iframe loading=\"lazy\" title=\"Primero de agosto, d\u00eda de la alegr\u00eda\" width=\"500\" height=\"281\" src=\"https:\/\/www.youtube.com\/embed\/BpsSeOgow88?feature=oembed\" frameborder=\"0\" allow=\"accelerometer; autoplay; clipboard-write; encrypted-media; gyroscope; picture-in-picture; web-share\" allowfullscreen><\/iframe>\n<\/div><figcaption><strong>Colombia<\/strong><\/figcaption><\/figure>\n<\/div>\n\n\n\n<div class=\"wp-block-column is-layout-flow wp-block-column-is-layout-flow\">\n<figure class=\"wp-block-embed is-type-video is-provider-youtube wp-block-embed-youtube wp-embed-aspect-16-9 wp-has-aspect-ratio\"><div class=\"wp-block-embed__wrapper\">\n<iframe loading=\"lazy\" title=\"D\u00eda mundial de la alegr\u00eda\" width=\"500\" height=\"281\" src=\"https:\/\/www.youtube.com\/embed\/GprWf-PX1wo?feature=oembed\" frameborder=\"0\" allow=\"accelerometer; autoplay; clipboard-write; encrypted-media; gyroscope; picture-in-picture; web-share\" allowfullscreen><\/iframe>\n<\/div><figcaption><strong>Bolivia<\/strong><\/figcaption><\/figure>\n<\/div>\n\n\n\n<div class=\"wp-block-column is-layout-flow wp-block-column-is-layout-flow\">\n<figure class=\"wp-block-embed is-type-video is-provider-youtube wp-block-embed-youtube wp-embed-aspect-4-3 wp-has-aspect-ratio\"><div class=\"wp-block-embed__wrapper\">\n<iframe loading=\"lazy\" title=\"ENTERAME - D\u00eda mundial de la alegr\u00eda, 1 de Agosto\" width=\"500\" height=\"375\" src=\"https:\/\/www.youtube.com\/embed\/N0MRWfVDqv0?feature=oembed\" frameborder=\"0\" allow=\"accelerometer; autoplay; clipboard-write; encrypted-media; gyroscope; picture-in-picture; web-share\" allowfullscreen><\/iframe>\n<\/div><figcaption><strong>Rep\u00fablica Dominicana<\/strong><\/figcaption><\/figure>\n<\/div>\n<\/div>\n\n\n\n<div class=\"wp-block-columns alignfull is-layout-flex wp-container-core-columns-layout-4 wp-block-columns-is-layout-flex\">\n<div class=\"wp-block-column is-layout-flow wp-block-column-is-layout-flow\">\n<figure class=\"wp-block-embed is-type-video is-provider-youtube wp-block-embed-youtube wp-embed-aspect-16-9 wp-has-aspect-ratio\"><div class=\"wp-block-embed__wrapper\">\n<iframe loading=\"lazy\" title=\"Hoy se celebra el D\u00eda Mundial de la Alegr\u00eda, una ocasi\u00f3n perfecta para ser feliz\" width=\"500\" height=\"281\" src=\"https:\/\/www.youtube.com\/embed\/Y2AZXgb6vqs?feature=oembed\" frameborder=\"0\" allow=\"accelerometer; autoplay; clipboard-write; encrypted-media; gyroscope; picture-in-picture; web-share\" allowfullscreen><\/iframe>\n<\/div><figcaption><strong>Venezuela<\/strong><\/figcaption><\/figure>\n<\/div>\n\n\n\n<div class=\"wp-block-column is-layout-flow wp-block-column-is-layout-flow\">\n<figure class=\"wp-block-embed is-type-video is-provider-youtube wp-block-embed-youtube wp-embed-aspect-16-9 wp-has-aspect-ratio\"><div class=\"wp-block-embed__wrapper\">\n<iframe loading=\"lazy\" title=\"\u00bfQu\u00e9 es la felicidad? - D\u00eda Mundial de la Alegr\u00eda\" width=\"500\" height=\"281\" src=\"https:\/\/www.youtube.com\/embed\/Gc67dSRz6YI?feature=oembed\" frameborder=\"0\" allow=\"accelerometer; autoplay; clipboard-write; encrypted-media; gyroscope; picture-in-picture; web-share\" allowfullscreen><\/iframe>\n<\/div><figcaption><strong>Guatemala<\/strong><\/figcaption><\/figure>\n\n\n\n<p><\/p>\n<\/div>\n\n\n\n<div class=\"wp-block-column is-layout-flow wp-block-column-is-layout-flow\">\n<figure class=\"wp-block-embed is-type-video is-provider-youtube wp-block-embed-youtube wp-embed-aspect-16-9 wp-has-aspect-ratio\"><div class=\"wp-block-embed__wrapper\">\n<iframe loading=\"lazy\" title=\"\u00bfQu\u00e9 nos hace la alegr\u00eda  en nuestro cuerpo y en nuestra mente?\" width=\"500\" height=\"281\" src=\"https:\/\/www.youtube.com\/embed\/2kQvXOL3JC8?feature=oembed\" frameborder=\"0\" allow=\"accelerometer; autoplay; clipboard-write; encrypted-media; gyroscope; picture-in-picture; web-share\" allowfullscreen><\/iframe>\n<\/div><figcaption><strong>Espa\u00f1a<\/strong><\/figcaption><\/figure>\n<\/div>\n<\/div>\n\n\n\n<div class=\"wp-block-columns alignfull is-layout-flex wp-container-core-columns-layout-5 wp-block-columns-is-layout-flex\">\n<div class=\"wp-block-column is-layout-flow wp-block-column-is-layout-flow\">\n<figure class=\"wp-block-embed is-type-video is-provider-youtube wp-block-embed-youtube wp-embed-aspect-16-9 wp-has-aspect-ratio\"><div class=\"wp-block-embed__wrapper\">\n<iframe loading=\"lazy\" title=\"Conexi\u00f3n Digital: D\u00eda Mundial de la Alegr\u00eda\" width=\"500\" height=\"281\" src=\"https:\/\/www.youtube.com\/embed\/j8Givmkg0rk?start=72&#038;feature=oembed\" frameborder=\"0\" allow=\"accelerometer; autoplay; clipboard-write; encrypted-media; gyroscope; picture-in-picture; web-share\" allowfullscreen><\/iframe>\n<\/div><\/figure>\n<\/div>\n\n\n\n<div class=\"wp-block-column is-layout-flow wp-block-column-is-layout-flow\">\n<h2 class=\"wp-block-heading\">#D\u00edaMundialdelaAlegr\u00eda #D\u00edadelAlegr\u00eda<\/h2>\n<\/div>\n\n\n\n<div class=\"wp-block-column is-layout-flow wp-block-column-is-layout-flow\"><\/div>\n<\/div>\n","protected":false},"excerpt":{"rendered":"<p>Agosto 1 &#8211; August 1 &#8211; 1 Ao\u00fbt El 1 de agosto se celebra el D\u00eda Mundial de la Alegr\u00eda, que fue instaurado en 2010 por iniciativa del colombiano Alfonso Becerra en un Congreso de Gesti\u00f3n Cultural celebrado en Chile. En un principio, esta fecha fue conmemorada en, al menos, catorce pa\u00edses del mundo, incluidos [&hellip;]<\/p>\n","protected":false},"author":1,"featured_media":0,"parent":0,"menu_order":0,"comment_status":"closed","ping_status":"closed","template":"","meta":{"om_disable_all_campaigns":false,"_monsterinsights_skip_tracking":false,"_monsterinsights_sitenote_active":false,"_monsterinsights_sitenote_note":"","_monsterinsights_sitenote_category":0,"footnotes":""},"aioseo_notices":[],"_links":{"self":[{"href":"https:\/\/elcartel.org\/index.php?rest_route=\/wp\/v2\/pages\/294"}],"collection":[{"href":"https:\/\/elcartel.org\/index.php?rest_route=\/wp\/v2\/pages"}],"about":[{"href":"https:\/\/elcartel.org\/index.php?rest_route=\/wp\/v2\/types\/page"}],"author":[{"embeddable":true,"href":"https:\/\/elcartel.org\/index.php?rest_route=\/wp\/v2\/users\/1"}],"replies":[{"embeddable":true,"href":"https:\/\/elcartel.org\/index.php?rest_route=%2Fwp%2Fv2%2Fcomments&post=294"}],"version-history":[{"count":10,"href":"https:\/\/elcartel.org\/index.php?rest_route=\/wp\/v2\/pages\/294\/revisions"}],"predecessor-version":[{"id":312,"href":"https:\/\/elcartel.org\/index.php?rest_route=\/wp\/v2\/pages\/294\/revisions\/312"}],"wp:attachment":[{"href":"https:\/\/elcartel.org\/index.php?rest_route=%2Fwp%2Fv2%2Fmedia&parent=294"}],"curies":[{"name":"wp","href":"https:\/\/api.w.org\/{rel}","templated":true}]}}