{"id":357,"date":"2025-05-13T08:42:47","date_gmt":"2025-05-13T08:42:47","guid":{"rendered":"https:\/\/elcartel.org\/?page_id=357"},"modified":"2026-02-11T02:02:09","modified_gmt":"2026-02-11T02:02:09","slug":"el-cartel-agenda","status":"publish","type":"page","link":"https:\/\/elcartel.org\/?page_id=357","title":{"rendered":"EL CARTEL agenda"},"content":{"rendered":"\n<figure class=\"wp-block-image size-large is-resized\"><img loading=\"lazy\" decoding=\"async\" width=\"1024\" height=\"449\" src=\"https:\/\/elcartel.org\/wp-content\/uploads\/2025\/05\/Portada-nueva-6-1024x449.png\" alt=\"\" class=\"wp-image-358\" style=\"width:1400px\" srcset=\"https:\/\/elcartel.org\/wp-content\/uploads\/2025\/05\/Portada-nueva-6-1024x449.png 1024w, https:\/\/elcartel.org\/wp-content\/uploads\/2025\/05\/Portada-nueva-6-300x131.png 300w, https:\/\/elcartel.org\/wp-content\/uploads\/2025\/05\/Portada-nueva-6-768x336.png 768w, https:\/\/elcartel.org\/wp-content\/uploads\/2025\/05\/Portada-nueva-6.png 1324w\" sizes=\"(max-width: 1024px) 100vw, 1024px\" \/><\/figure>\n\n\n\n<p>Desde su nacimiento en 1996 y su primera publicaci\u00f3n en septiembre de 1998, <strong>EL CARTEL<\/strong> se ha consolidado como la agenda cultural de referencia en Bucaramanga. Hemos evolucionado a trav\u00e9s de m\u00faltiples plataformas de comunicaci\u00f3n, incluyendo nuestra actual p\u00e1gina web: <a href=\"https:\/\/elcartel.com.co\/\" target=\"_blank\" rel=\"noreferrer noopener\">https:\/\/elcartel.com.co\/<\/a>.<\/p>\n\n\n\n<p><strong>EL CARTEL<\/strong> es el coraz\u00f3n de la Corporaci\u00f3n Cultural EL CARTEL, creada con el firme prop\u00f3sito de difundir las actividades y los espacios culturales de la ciudad, contribuyendo activamente al desarrollo creativo de nuestra comunidad<\/p>\n\n\n\n<figure class=\"wp-block-image size-full is-resized\"><img loading=\"lazy\" decoding=\"async\" width=\"1000\" height=\"506\" src=\"https:\/\/elcartel.org\/wp-content\/uploads\/2025\/05\/462029034_3898701103711211_5546911285446030387_n-1.jpg\" alt=\"\" class=\"wp-image-368\" style=\"width:1400px\" srcset=\"https:\/\/elcartel.org\/wp-content\/uploads\/2025\/05\/462029034_3898701103711211_5546911285446030387_n-1.jpg 1000w, https:\/\/elcartel.org\/wp-content\/uploads\/2025\/05\/462029034_3898701103711211_5546911285446030387_n-1-300x152.jpg 300w, https:\/\/elcartel.org\/wp-content\/uploads\/2025\/05\/462029034_3898701103711211_5546911285446030387_n-1-768x389.jpg 768w\" sizes=\"(max-width: 1000px) 100vw, 1000px\" \/><\/figure>\n\n\n\n<p>Las primeras ediciones de EL CARTEL fueron impresas, y se distribuian en sitios de encuentro ciudadano, tales como: colegios, universidades, centros culturales, entiades p\u00fablicas y centros comerciales entre otros.<\/p>\n","protected":false},"excerpt":{"rendered":"<p>Desde su nacimiento en 1996 y su primera publicaci\u00f3n en septiembre de 1998, EL CARTEL se ha consolidado como la agenda cultural de referencia en Bucaramanga. Hemos evolucionado a trav\u00e9s de m\u00faltiples plataformas de comunicaci\u00f3n, incluyendo nuestra actual p\u00e1gina web: https:\/\/elcartel.com.co\/. EL CARTEL es el coraz\u00f3n de la Corporaci\u00f3n Cultural EL CARTEL, creada con el [&hellip;]<\/p>\n","protected":false},"author":1,"featured_media":0,"parent":0,"menu_order":0,"comment_status":"closed","ping_status":"closed","template":"","meta":{"om_disable_all_campaigns":false,"_monsterinsights_skip_tracking":false,"_monsterinsights_sitenote_active":false,"_monsterinsights_sitenote_note":"","_monsterinsights_sitenote_category":0,"footnotes":"[]"},"aioseo_notices":[],"_links":{"self":[{"href":"https:\/\/elcartel.org\/index.php?rest_route=\/wp\/v2\/pages\/357"}],"collection":[{"href":"https:\/\/elcartel.org\/index.php?rest_route=\/wp\/v2\/pages"}],"about":[{"href":"https:\/\/elcartel.org\/index.php?rest_route=\/wp\/v2\/types\/page"}],"author":[{"embeddable":true,"href":"https:\/\/elcartel.org\/index.php?rest_route=\/wp\/v2\/users\/1"}],"replies":[{"embeddable":true,"href":"https:\/\/elcartel.org\/index.php?rest_route=%2Fwp%2Fv2%2Fcomments&post=357"}],"version-history":[{"count":8,"href":"https:\/\/elcartel.org\/index.php?rest_route=\/wp\/v2\/pages\/357\/revisions"}],"predecessor-version":[{"id":402,"href":"https:\/\/elcartel.org\/index.php?rest_route=\/wp\/v2\/pages\/357\/revisions\/402"}],"wp:attachment":[{"href":"https:\/\/elcartel.org\/index.php?rest_route=%2Fwp%2Fv2%2Fmedia&parent=357"}],"curies":[{"name":"wp","href":"https:\/\/api.w.org\/{rel}","templated":true}]}}