{"id":374,"date":"2025-05-13T09:06:30","date_gmt":"2025-05-13T09:06:30","guid":{"rendered":"https:\/\/elcartel.org\/?page_id=374"},"modified":"2025-11-11T08:58:26","modified_gmt":"2025-11-11T08:58:26","slug":"vale-cultura","status":"publish","type":"page","link":"https:\/\/elcartel.org\/?page_id=374","title":{"rendered":"VALE CULTURA"},"content":{"rendered":"\n<figure class=\"wp-block-image size-large\"><img loading=\"lazy\" decoding=\"async\" width=\"1024\" height=\"389\" src=\"https:\/\/elcartel.org\/wp-content\/uploads\/2025\/11\/Recuperada_VALE-CULTURA-1024x389.jpg\" alt=\"\" class=\"wp-image-396\" srcset=\"https:\/\/elcartel.org\/wp-content\/uploads\/2025\/11\/Recuperada_VALE-CULTURA-1024x389.jpg 1024w, https:\/\/elcartel.org\/wp-content\/uploads\/2025\/11\/Recuperada_VALE-CULTURA-300x114.jpg 300w, https:\/\/elcartel.org\/wp-content\/uploads\/2025\/11\/Recuperada_VALE-CULTURA-768x292.jpg 768w, https:\/\/elcartel.org\/wp-content\/uploads\/2025\/11\/Recuperada_VALE-CULTURA-1536x584.jpg 1536w, https:\/\/elcartel.org\/wp-content\/uploads\/2025\/11\/Recuperada_VALE-CULTURA-1580x600.jpg 1580w, https:\/\/elcartel.org\/wp-content\/uploads\/2025\/11\/Recuperada_VALE-CULTURA-1200x456.jpg 1200w, https:\/\/elcartel.org\/wp-content\/uploads\/2025\/11\/Recuperada_VALE-CULTURA-620x235.jpg 620w, https:\/\/elcartel.org\/wp-content\/uploads\/2025\/11\/Recuperada_VALE-CULTURA-400x152.jpg 400w, https:\/\/elcartel.org\/wp-content\/uploads\/2025\/11\/Recuperada_VALE-CULTURA.jpg 1866w\" sizes=\"(max-width: 1024px) 100vw, 1024px\" \/><\/figure>\n\n\n\n<p><strong>VALE CULTURA: Estrategias para la sostenibilidad de los espacios culturales en Bucaramanga<\/strong><\/p>\n\n\n\n<p>La Corporaci\u00f3n Cultural EL CARTEL, con el apoyo del Instituto Municipal de Cultura y Turismo de Bucaramanga, la C\u00e1mara de Comercio de Bucaramanga y en el marco del Programa Nacional de Concertaci\u00f3n del Ministerio de las Culturas, las Artes y los Saberes, desarrolla el proyecto <em>VALE CULTURA<\/em>, una iniciativa que busca fortalecer la sostenibilidad econ\u00f3mica de espacios culturales de Bucaramanga mediante estrategias innovadoras de monetizaci\u00f3n, formaci\u00f3n y transformaci\u00f3n digital.<\/p>\n\n\n\n<p>Durante cuatro meses, <em>VALE CULTURA<\/em> trabajar\u00e1 de manera articulada con gestores culturales, artistas, instituciones y ciudadan\u00eda para dise\u00f1ar nuevas fuentes de ingreso, implementar herramientas tecnol\u00f3gicas como plataformas de e-commerce y streaming, y promover contenidos culturales que conecten con las audiencias actuales.<\/p>\n\n\n\n<p>Los espacios beneficiarios del proyecto son: <strong>Fundaci\u00f3n Teatro Santander, Corporaci\u00f3n Arte Cima, Fundaci\u00f3n Coraz\u00f3n en Parches, Corporaci\u00f3n Centro Cultural del Oriente Colombiano, Corporaci\u00f3n Teatro Pfu en Collor, Fundaci\u00f3n Museo de Arte Moderno de Bucaramanga, Museo Casa de Bol\u00edvar, Casa de la Cultura Custodio Garc\u00eda Rovira &#8211; Museo de Bellas Artes, Fundaci\u00f3n Inusual Artes, Corporaci\u00f3n Recreativa y Cultural de Santander y Corporaci\u00f3n Cultural Enredart<\/strong>.<\/p>\n\n\n\n<p>El proyecto incluye formaci\u00f3n en marketing digital y uso de plataformas tecnol\u00f3gicas, adem\u00e1s de la creaci\u00f3n y promoci\u00f3n de productos culturales comercializables. Esta apuesta colectiva busca garantizar la permanencia y el fortalecimiento de los espacios culturales como ejes fundamentales del desarrollo art\u00edstico y social de Bucaramanga.<\/p>\n\n\n\n<p><em>VALE CULTURA<\/em> representa un esfuerzo colectivo por consolidar un ecosistema cultural m\u00e1s fuerte, innovador y autosostenible en Bucaramanga, que potencie el trabajo de los gestores y los artistas, promueva la cooperaci\u00f3n entre actores del sector y ampl\u00ede el acceso a experiencias culturales de calidad.<\/p>\n\n\n\n<p><\/p>\n","protected":false},"excerpt":{"rendered":"<p>VALE CULTURA: Estrategias para la sostenibilidad de los espacios culturales en Bucaramanga La Corporaci\u00f3n Cultural EL CARTEL, con el apoyo del Instituto Municipal de Cultura y Turismo de Bucaramanga, la C\u00e1mara de Comercio de Bucaramanga y en el marco del Programa Nacional de Concertaci\u00f3n del Ministerio de las Culturas, las Artes y los Saberes, desarrolla [&hellip;]<\/p>\n","protected":false},"author":1,"featured_media":0,"parent":0,"menu_order":0,"comment_status":"closed","ping_status":"closed","template":"","meta":{"om_disable_all_campaigns":false,"_monsterinsights_skip_tracking":false,"_monsterinsights_sitenote_active":false,"_monsterinsights_sitenote_note":"","_monsterinsights_sitenote_category":0,"footnotes":""},"aioseo_notices":[],"_links":{"self":[{"href":"https:\/\/elcartel.org\/index.php?rest_route=\/wp\/v2\/pages\/374"}],"collection":[{"href":"https:\/\/elcartel.org\/index.php?rest_route=\/wp\/v2\/pages"}],"about":[{"href":"https:\/\/elcartel.org\/index.php?rest_route=\/wp\/v2\/types\/page"}],"author":[{"embeddable":true,"href":"https:\/\/elcartel.org\/index.php?rest_route=\/wp\/v2\/users\/1"}],"replies":[{"embeddable":true,"href":"https:\/\/elcartel.org\/index.php?rest_route=%2Fwp%2Fv2%2Fcomments&post=374"}],"version-history":[{"count":3,"href":"https:\/\/elcartel.org\/index.php?rest_route=\/wp\/v2\/pages\/374\/revisions"}],"predecessor-version":[{"id":398,"href":"https:\/\/elcartel.org\/index.php?rest_route=\/wp\/v2\/pages\/374\/revisions\/398"}],"wp:attachment":[{"href":"https:\/\/elcartel.org\/index.php?rest_route=%2Fwp%2Fv2%2Fmedia&parent=374"}],"curies":[{"name":"wp","href":"https:\/\/api.w.org\/{rel}","templated":true}]}}