{"id":387,"date":"2025-05-13T09:52:53","date_gmt":"2025-05-13T09:52:53","guid":{"rendered":"https:\/\/elcartel.org\/?page_id=387"},"modified":"2025-05-13T09:52:53","modified_gmt":"2025-05-13T09:52:53","slug":"vale-cultura-impulsa-la-sostenibilidad-economica-de-los-espacios-culturales-de-bucaramanga","status":"publish","type":"page","link":"https:\/\/elcartel.org\/?page_id=387","title":{"rendered":"VALE CULTURA impulsa la sostenibilidad econ\u00f3mica de los espacios culturales de Bucaramanga"},"content":{"rendered":"\n<p><strong>Bucaramanga, martes 13 de mayo de 2025 <\/strong>&nbsp;\u2013 Con el prop\u00f3sito de fortalecer la sostenibilidad financiera de los espacios culturales de la ciudad, la Corporaci\u00f3n Cultural EL CARTEL lanza el proyecto <em>VALE CULTURA<\/em>, una estrategia concertada con el Ministerio de las Culturas, las Artes y los Saberes, y que cuenta con el apoyo de la C\u00e1mara de Comercio de Bucaramanga.<\/p>\n\n\n\n<p>La iniciativa, que se desarrollar\u00e1 entre abril y julio de 2025, busca implementar nuevas fuentes de ingresos y herramientas digitales para once entidades culturales de Bucaramanga. El proyecto incluye diagn\u00f3stico econ\u00f3mico, dise\u00f1o de modelos de monetizaci\u00f3n, desarrollo de contenidos culturales comercializables y capacitaci\u00f3n en marketing digital y uso de plataformas tecnol\u00f3gicas.<\/p>\n\n\n\n<p><em>\u00abNuestro prop\u00f3sito es brindar herramientas pr\u00e1cticas y sostenibles para que los espacios culturales puedan continuar ofreciendo servicios de calidad a la comunidad, sin depender exclusivamente de fondos p\u00fablicos o aportes ocasionales\u00bb<\/em>, afirm\u00f3 Alfonso Becerra, coordinador del proyecto.<\/p>\n\n\n\n<p>Las entidades beneficiarias de <em>VALE CULTURA<\/em> son: <strong>Fundaci\u00f3n Teatro Santander, Corporaci\u00f3n Arte Cima, Fundaci\u00f3n Coraz\u00f3n en Parches, Corporaci\u00f3n Centro Cultural del Oriente Colombiano, Corporaci\u00f3n Teatro Pfu en Collor, Fundaci\u00f3n Museo de Arte Moderno de Bucaramanga, Museo Casa de Bol\u00edvar, Casa de la Cultura Custodio Garc\u00eda Rovira &#8211; Museo de Bellas Artes, Fundaci\u00f3n Inusual Artes, Corporaci\u00f3n Recreativa y Cultural de Santander y Corporaci\u00f3n Cultural Enredart<\/strong>.<\/p>\n\n\n\n<p><em>VALE CULTURA<\/em> representa un esfuerzo colectivo por consolidar un ecosistema cultural m\u00e1s fuerte, innovador y autosostenible en Bucaramanga, que potencie el trabajo de los gestores y los artistas, promueva la cooperaci\u00f3n entre actores del sector y ampl\u00ede el acceso a experiencias culturales de calidad.<\/p>\n\n\n\n<p>Para m\u00e1s informaci\u00f3n, visite elcartel.org o comun\u00edquese al 317 615 9211.<\/p>\n","protected":false},"excerpt":{"rendered":"<p>Bucaramanga, martes 13 de mayo de 2025 &nbsp;\u2013 Con el prop\u00f3sito de fortalecer la sostenibilidad financiera de los espacios culturales de la ciudad, la Corporaci\u00f3n Cultural EL CARTEL lanza el proyecto VALE CULTURA, una estrategia concertada con el Ministerio de las Culturas, las Artes y los Saberes, y que cuenta con el apoyo de la [&hellip;]<\/p>\n","protected":false},"author":1,"featured_media":0,"parent":0,"menu_order":0,"comment_status":"closed","ping_status":"closed","template":"","meta":{"om_disable_all_campaigns":false,"_monsterinsights_skip_tracking":false,"_monsterinsights_sitenote_active":false,"_monsterinsights_sitenote_note":"","_monsterinsights_sitenote_category":0,"footnotes":""},"aioseo_notices":[],"_links":{"self":[{"href":"https:\/\/elcartel.org\/index.php?rest_route=\/wp\/v2\/pages\/387"}],"collection":[{"href":"https:\/\/elcartel.org\/index.php?rest_route=\/wp\/v2\/pages"}],"about":[{"href":"https:\/\/elcartel.org\/index.php?rest_route=\/wp\/v2\/types\/page"}],"author":[{"embeddable":true,"href":"https:\/\/elcartel.org\/index.php?rest_route=\/wp\/v2\/users\/1"}],"replies":[{"embeddable":true,"href":"https:\/\/elcartel.org\/index.php?rest_route=%2Fwp%2Fv2%2Fcomments&post=387"}],"version-history":[{"count":1,"href":"https:\/\/elcartel.org\/index.php?rest_route=\/wp\/v2\/pages\/387\/revisions"}],"predecessor-version":[{"id":389,"href":"https:\/\/elcartel.org\/index.php?rest_route=\/wp\/v2\/pages\/387\/revisions\/389"}],"wp:attachment":[{"href":"https:\/\/elcartel.org\/index.php?rest_route=%2Fwp%2Fv2%2Fmedia&parent=387"}],"curies":[{"name":"wp","href":"https:\/\/api.w.org\/{rel}","templated":true}]}}