{"id":95,"date":"2023-02-25T05:52:29","date_gmt":"2023-02-25T05:52:29","guid":{"rendered":"https:\/\/elcartel.org\/?page_id=95"},"modified":"2025-05-13T09:40:17","modified_gmt":"2025-05-13T09:40:17","slug":"proyectos","status":"publish","type":"page","link":"https:\/\/elcartel.org\/?page_id=95","title":{"rendered":"Proyectos"},"content":{"rendered":"\n<p>En la Corporaci\u00f3n Cultural EL CARTEL, creemos en el poder transformador del arte, la creatividad y la comunicaci\u00f3n para enriquecer la vida de las comunidades. A lo largo de nuestros 27 a\u00f1os de trayectoria, hemos desarrollado y acompa\u00f1ado diversas iniciativas que promueven la participaci\u00f3n cultural y fortalecen el tejido social. Algunos de nuestros proyectos destacados incluyen:<\/p>\n\n\n\n<h3 class=\"wp-block-heading\">EL CARTEL Agenda<\/h3>\n\n\n\n<p>Una plataforma informativa que difunde la programaci\u00f3n cultural de Bucaramanga y su \u00e1rea metropolitana. A trav\u00e9s de esta agenda, conectamos a la comunidad con eventos art\u00edsticos, talleres, exposiciones y actividades que fomentan la participaci\u00f3n y el disfrute del arte local.<\/p>\n\n\n\n<h3 class=\"wp-block-heading\">VALE CULTURA<\/h3>\n\n\n\n<p>Un programa que busca Fortalecer la sostenibilidad econ\u00f3mica de los espacios culturales de Bucaramanga, mediante la implementaci\u00f3n de estrategias de monetizaci\u00f3n y el uso de plataformas digitales, asegurando su permanencia y ampliando su capacidad para ofrecer servicios culturales a la comunidad de manera aut\u00f3noma, innovadora y continua.<\/p>\n\n\n\n<h3 class=\"wp-block-heading\">Salas Abiertas<\/h3>\n\n\n\n<p>Un circuito de arte que conecta las diferentes salas de exposiciones de la ciudad, en una apertura simult\u00e1nea que incluye actividades en el espacio p\u00fablico, una invitaci\u00f3n a vivir una experiencia directa con  el arte. Participamos de su creaci\u00f3n y desde 2013 hacemos parte de grupo entidades p\u00fablicas y privadas que lo organizan.<\/p>\n\n\n\n<h3 class=\"wp-block-heading\">VisitArte<\/h3>\n\n\n\n<p>Un circuito de arte dise\u00f1ado especialmente para instituciones educativas, que ofrece recorridos guiados por exposiciones y espacios culturales. VisitArte busca sensibilizar a ni\u00f1os y j\u00f3venes sobre la importancia del arte en la construcci\u00f3n de identidad y memoria colectiva. Al igual que Salas Abiertas tambien participamos de su creaci\u00f3n y en la actualidad hacemos patte del grupo de entidades p\u00fablicas y privadas que lo organizan. <\/p>\n\n\n\n<h3 class=\"wp-block-heading\">D\u00eda Mundial de la Alegr\u00eda<\/h3>\n\n\n\n<p>Cada 1 de agosto, celebramos el D\u00eda Mundial de la Alegr\u00eda con actividades que invitan a reflexionar sobre la importancia del bienestar emocional y la alegr\u00eda en nuestras vidas. Esta conmemoraci\u00f3n incluye intervenciones art\u00edsticas, talleres y encuentros comunitarios que promueven la salud creativa y el optimismo.<\/p>\n\n\n\n<h3 class=\"wp-block-heading\">Ciudad Abierta, por una ciudad al alcance de las ni\u00f1as, ni\u00f1os y j\u00f3venes<\/h3>\n\n\n\n<p>Iniciativa que busca identificar mejoras en la atenci\u00f3n y oferta dirigida a las ni\u00f1as, ni\u00f1os y j\u00f3venes de Bucaramanga, que inicio con una inevstigaci\u00f3n diagn\u00f3stica de la agenda cultural infantil especialmente en artes esc\u00e9nicas, artes pl\u00e1sticas y literatura. <\/p>\n\n\n\n<h3 class=\"wp-block-heading\">PaseU<\/h3>\n\n\n\n<p>Contador Digital de P\u00fablico con el apoyamos nuestros proyectos y nos permite identificar la asistencia de p\u00fablico a los eventos propios y a los que realizamos en alianza con otras instituciones, esta herramienta digital nos brinda estad\u00edsticas y graf\u00edcas de segmentaci\u00f3n de p\u00fablicos. <\/p>\n\n\n\n<hr class=\"wp-block-separator has-alpha-channel-opacity\"\/>\n\n\n\n<p>Estos proyectos reflejan nuestro compromiso con la creaci\u00f3n de estrategias de comunicaci\u00f3n y educomunicaci\u00f3n sociocultural de alto impacto, orientadas a mejorar la experiencia de vida y la salud creativa de las comunidades en Colombia. A trav\u00e9s de alianzas con instituciones como el Ministerio de las Culturas, los Artes y los Saberes, la C\u00e1mara de Comercio de Bucaramanga y el Instituto Municipal de Cultura y Turismo (IMCT), entre otros, continuamos fortaleciendo nuestro gesti\u00f3n por el fortalecimiento del ecosistema cultural y creativo de la regi\u00f3n.<\/p>\n","protected":false},"excerpt":{"rendered":"<p>En la Corporaci\u00f3n Cultural EL CARTEL, creemos en el poder transformador del arte, la creatividad y la comunicaci\u00f3n para enriquecer la vida de las comunidades. A lo largo de nuestros 27 a\u00f1os de trayectoria, hemos desarrollado y acompa\u00f1ado diversas iniciativas que promueven la participaci\u00f3n cultural y fortalecen el tejido social. Algunos de nuestros proyectos destacados [&hellip;]<\/p>\n","protected":false},"author":1,"featured_media":0,"parent":0,"menu_order":0,"comment_status":"closed","ping_status":"closed","template":"","meta":{"om_disable_all_campaigns":false,"_monsterinsights_skip_tracking":false,"_monsterinsights_sitenote_active":false,"_monsterinsights_sitenote_note":"","_monsterinsights_sitenote_category":0,"footnotes":""},"aioseo_notices":[],"_links":{"self":[{"href":"https:\/\/elcartel.org\/index.php?rest_route=\/wp\/v2\/pages\/95"}],"collection":[{"href":"https:\/\/elcartel.org\/index.php?rest_route=\/wp\/v2\/pages"}],"about":[{"href":"https:\/\/elcartel.org\/index.php?rest_route=\/wp\/v2\/types\/page"}],"author":[{"embeddable":true,"href":"https:\/\/elcartel.org\/index.php?rest_route=\/wp\/v2\/users\/1"}],"replies":[{"embeddable":true,"href":"https:\/\/elcartel.org\/index.php?rest_route=%2Fwp%2Fv2%2Fcomments&post=95"}],"version-history":[{"count":3,"href":"https:\/\/elcartel.org\/index.php?rest_route=\/wp\/v2\/pages\/95\/revisions"}],"predecessor-version":[{"id":384,"href":"https:\/\/elcartel.org\/index.php?rest_route=\/wp\/v2\/pages\/95\/revisions\/384"}],"wp:attachment":[{"href":"https:\/\/elcartel.org\/index.php?rest_route=%2Fwp%2Fv2%2Fmedia&parent=95"}],"curies":[{"name":"wp","href":"https:\/\/api.w.org\/{rel}","templated":true}]}}